{"id":725,"date":"2017-07-26T12:07:10","date_gmt":"2017-07-26T10:07:10","guid":{"rendered":"http:\/\/emc-solution.com\/?page_id=725\/"},"modified":"2024-11-27T11:12:25","modified_gmt":"2024-11-27T10:12:25","slug":"contactos","status":"publish","type":"page","link":"https:\/\/emc-solution.com\/es\/contactos\/","title":{"rendered":"Contactos"},"content":{"rendered":"<p>[et_pb_section fb_built=\u00bb1&#8243; fullwidth=\u00bbon\u00bb admin_label=\u00bbsection\u00bb _builder_version=\u00bb4.16&#8243; custom_css_main_element=\u00bbheight: 550px;\u00bb global_colors_info=\u00bb{}\u00bb][et_pb_fullwidth_code _builder_version=\u00bb4.27.2&#8243; _module_preset=\u00bbdefault\u00bb hover_enabled=\u00bb0&#8243; global_colors_info=\u00bb{}\u00bb sticky_enabled=\u00bb0&#8243;]<iframe src=\"https:\/\/www.google.com\/maps\/embed?pb=!1m18!1m12!1m3!1d7949.534428405364!2d9.688441546540272!3d45.21573574076019!2m3!1f0!2f0!3f0!3m2!1i1024!2i768!4f13.1!3m3!1m2!1s0x478120e57e4eb5c3%3A0x7768957e2205bbd6!2sVia%20Dante%2C%2017%2C%2026823%20Castiglione%20D&#39;adda%20LO!5e0!3m2!1sit!2sit!4v1732702038404!5m2!1sit!2sit\" width=\"100%\" height=\"450\" style=\"border:0;\" allowfullscreen=\"\" loading=\"lazy\" referrerpolicy=\"no-referrer-when-downgrade\"><\/iframe>[\/et_pb_fullwidth_code][\/et_pb_section][et_pb_section fb_built=\u00bb1&#8243; admin_label=\u00bbsection\u00bb _builder_version=\u00bb4.16&#8243; global_colors_info=\u00bb{}\u00bb][et_pb_row column_structure=\u00bb2_3,1_3&#8243; admin_label=\u00bbrow\u00bb _builder_version=\u00bb4.16&#8243; background_size=\u00bbinitial\u00bb background_position=\u00bbtop_left\u00bb background_repeat=\u00bbrepeat\u00bb global_colors_info=\u00bb{}\u00bb][et_pb_column type=\u00bb2_3&#8243; _builder_version=\u00bb4.16&#8243; custom_padding=\u00bb|||\u00bb global_colors_info=\u00bb{}\u00bb custom_padding__hover=\u00bb|||\u00bb][et_pb_contact_form captcha=\u00bboff\u00bb email=\u00bbinfo@emc-solution.com\u00bb title=\u00bbGet In Touch\u00bb admin_label=\u00bbContact Form\u00bb module_id=\u00bbet_pb_contact_form_0&#8243; _builder_version=\u00bb4.16&#8243; _unique_id=\u00bbe6e225c1-94cb-4357-94ae-73d8b825cdeb\u00bb global_colors_info=\u00bb{}\u00bb][et_pb_contact_field field_id=\u00bbName\u00bb field_title=\u00bbNombre y Apellido\u00bb fullwidth_field=\u00bbon\u00bb _builder_version=\u00bb4.16&#8243; form_field_font=\u00bb||||\u00bb use_border_color=\u00bboff\u00bb global_colors_info=\u00bb{}\u00bb button_text_size__hover_enabled=\u00bboff\u00bb button_one_text_size__hover_enabled=\u00bboff\u00bb button_two_text_size__hover_enabled=\u00bboff\u00bb button_text_color__hover_enabled=\u00bboff\u00bb button_one_text_color__hover_enabled=\u00bboff\u00bb button_two_text_color__hover_enabled=\u00bboff\u00bb button_border_width__hover_enabled=\u00bboff\u00bb button_one_border_width__hover_enabled=\u00bboff\u00bb button_two_border_width__hover_enabled=\u00bboff\u00bb button_border_color__hover_enabled=\u00bboff\u00bb button_one_border_color__hover_enabled=\u00bboff\u00bb button_two_border_color__hover_enabled=\u00bboff\u00bb button_border_radius__hover_enabled=\u00bboff\u00bb button_one_border_radius__hover_enabled=\u00bboff\u00bb button_two_border_radius__hover_enabled=\u00bboff\u00bb button_letter_spacing__hover_enabled=\u00bboff\u00bb button_one_letter_spacing__hover_enabled=\u00bboff\u00bb button_two_letter_spacing__hover_enabled=\u00bboff\u00bb button_bg_color__hover_enabled=\u00bboff\u00bb button_one_bg_color__hover_enabled=\u00bboff\u00bb button_two_bg_color__hover_enabled=\u00bboff\u00bb][\/et_pb_contact_field][et_pb_contact_field field_id=\u00bbEmail\u00bb field_title=\u00bbCorreo electr\u00f3nico\u00bb field_type=\u00bbemail\u00bb fullwidth_field=\u00bbon\u00bb _builder_version=\u00bb4.16&#8243; form_field_font=\u00bb||||\u00bb use_border_color=\u00bboff\u00bb global_colors_info=\u00bb{}\u00bb button_text_size__hover_enabled=\u00bboff\u00bb button_one_text_size__hover_enabled=\u00bboff\u00bb button_two_text_size__hover_enabled=\u00bboff\u00bb button_text_color__hover_enabled=\u00bboff\u00bb button_one_text_color__hover_enabled=\u00bboff\u00bb button_two_text_color__hover_enabled=\u00bboff\u00bb button_border_width__hover_enabled=\u00bboff\u00bb button_one_border_width__hover_enabled=\u00bboff\u00bb button_two_border_width__hover_enabled=\u00bboff\u00bb button_border_color__hover_enabled=\u00bboff\u00bb button_one_border_color__hover_enabled=\u00bboff\u00bb button_two_border_color__hover_enabled=\u00bboff\u00bb button_border_radius__hover_enabled=\u00bboff\u00bb button_one_border_radius__hover_enabled=\u00bboff\u00bb button_two_border_radius__hover_enabled=\u00bboff\u00bb button_letter_spacing__hover_enabled=\u00bboff\u00bb button_one_letter_spacing__hover_enabled=\u00bboff\u00bb button_two_letter_spacing__hover_enabled=\u00bboff\u00bb button_bg_color__hover_enabled=\u00bboff\u00bb button_one_bg_color__hover_enabled=\u00bboff\u00bb button_two_bg_color__hover_enabled=\u00bboff\u00bb][\/et_pb_contact_field][et_pb_contact_field field_id=\u00bbMessage\u00bb field_title=\u00bbMensaje\u00bb field_type=\u00bbtext\u00bb fullwidth_field=\u00bbon\u00bb _builder_version=\u00bb4.16&#8243; form_field_font=\u00bb||||\u00bb use_border_color=\u00bboff\u00bb global_colors_info=\u00bb{}\u00bb button_text_size__hover_enabled=\u00bboff\u00bb button_one_text_size__hover_enabled=\u00bboff\u00bb button_two_text_size__hover_enabled=\u00bboff\u00bb button_text_color__hover_enabled=\u00bboff\u00bb button_one_text_color__hover_enabled=\u00bboff\u00bb button_two_text_color__hover_enabled=\u00bboff\u00bb button_border_width__hover_enabled=\u00bboff\u00bb button_one_border_width__hover_enabled=\u00bboff\u00bb button_two_border_width__hover_enabled=\u00bboff\u00bb button_border_color__hover_enabled=\u00bboff\u00bb button_one_border_color__hover_enabled=\u00bboff\u00bb button_two_border_color__hover_enabled=\u00bboff\u00bb button_border_radius__hover_enabled=\u00bboff\u00bb button_one_border_radius__hover_enabled=\u00bboff\u00bb button_two_border_radius__hover_enabled=\u00bboff\u00bb button_letter_spacing__hover_enabled=\u00bboff\u00bb button_one_letter_spacing__hover_enabled=\u00bboff\u00bb button_two_letter_spacing__hover_enabled=\u00bboff\u00bb button_bg_color__hover_enabled=\u00bboff\u00bb button_one_bg_color__hover_enabled=\u00bboff\u00bb button_two_bg_color__hover_enabled=\u00bboff\u00bb][\/et_pb_contact_field][\/et_pb_contact_form][\/et_pb_column][et_pb_column type=\u00bb1_3&#8243; _builder_version=\u00bb4.16&#8243; custom_padding=\u00bb|||\u00bb global_colors_info=\u00bb{}\u00bb custom_padding__hover=\u00bb|||\u00bb][et_pb_text admin_label=\u00bbMore Info\u00bb _builder_version=\u00bb4.16&#8243; background_size=\u00bbinitial\u00bb background_position=\u00bbtop_left\u00bb background_repeat=\u00bbrepeat\u00bb global_colors_info=\u00bb{}\u00bb]<\/p>\n<h3>EMC SOLUTION SRL<\/h3>\n<p><span style=\"font-size: 16px;\">Empresa de ingenier\u00eda l\u00edder en el sector del hidr\u00f3geno con f\u00ednes energ\u00e9ticos como el almacenamiento de energ\u00eda, el backup power (la energ\u00eda de reserva), el energy time shift y las aplicaciones industriales<\/span>.<\/p>\n<p><strong>Address:<\/strong><\/p>\n<p>Via Dante Alighieri, 17<br \/>26823 Castiglione D&#8217;Adda (LO)<br \/>ITALY<\/p>\n<p>&nbsp;<\/p>\n<p>[\/et_pb_text][\/et_pb_column][\/et_pb_row][\/et_pb_section]<\/p>\n","protected":false},"excerpt":{"rendered":"<p>EMC SOLUTION SRL Empresa de ingenier\u00eda l\u00edder en el sector del hidr\u00f3geno con f\u00ednes energ\u00e9ticos como el almacenamiento de energ\u00eda, el backup power (la energ\u00eda de reserva), el energy time shift y las aplicaciones industriales. Address: Via Dante Alighieri, 1726823 Castiglione D&#8217;Adda (LO)ITALY &nbsp;<\/p>\n","protected":false},"author":3,"featured_media":0,"parent":0,"menu_order":0,"comment_status":"closed","ping_status":"closed","template":"","meta":{"_et_pb_use_builder":"on","_et_pb_old_content":"","_et_gb_content_width":"","footnotes":""},"class_list":["post-725","page","type-page","status-publish","hentry"],"yoast_head":"<!-- This site is optimized with the Yoast SEO plugin v26.2 - https:\/\/yoast.com\/wordpress\/plugins\/seo\/ -->\n<title>Contactos - EMC<\/title>\n<meta name=\"robots\" content=\"index, follow, max-snippet:-1, max-image-preview:large, max-video-preview:-1\" \/>\n<link rel=\"canonical\" href=\"https:\/\/emc-solution.com\/es\/contactos\/\" \/>\n<meta property=\"og:locale\" content=\"es_ES\" \/>\n<meta property=\"og:type\" content=\"article\" \/>\n<meta property=\"og:title\" content=\"Contactos - EMC\" \/>\n<meta property=\"og:description\" content=\"EMC SOLUTION SRL Empresa de ingenier\u00eda l\u00edder en el sector del hidr\u00f3geno con f\u00ednes energ\u00e9ticos como el almacenamiento de energ\u00eda, el backup power (la energ\u00eda de reserva), el energy time shift y las aplicaciones industriales. Address: Via Dante Alighieri, 1726823 Castiglione D&#039;Adda (LO)ITALY &nbsp;\" \/>\n<meta property=\"og:url\" content=\"https:\/\/emc-solution.com\/es\/contactos\/\" \/>\n<meta property=\"og:site_name\" content=\"EMC\" \/>\n<meta property=\"article:modified_time\" content=\"2024-11-27T10:12:25+00:00\" \/>\n<meta property=\"og:image\" content=\"https:\/\/emc-solution.com\/wp-content\/uploads\/2017\/05\/Emc_logo_prov.png\" \/>\n\t<meta property=\"og:image:width\" content=\"890\" \/>\n\t<meta property=\"og:image:height\" content=\"490\" \/>\n\t<meta property=\"og:image:type\" content=\"image\/png\" \/>\n<meta name=\"twitter:card\" content=\"summary_large_image\" \/>\n<meta name=\"twitter:label1\" content=\"Tiempo de lectura\" \/>\n\t<meta name=\"twitter:data1\" content=\"4 minutos\" \/>\n<script type=\"application\/ld+json\" class=\"yoast-schema-graph\">{\"@context\":\"https:\/\/schema.org\",\"@graph\":[{\"@type\":\"WebPage\",\"@id\":\"https:\/\/emc-solution.com\/es\/contactos\/\",\"url\":\"https:\/\/emc-solution.com\/es\/contactos\/\",\"name\":\"Contactos - EMC\",\"isPartOf\":{\"@id\":\"https:\/\/emc-solution.com\/#website\"},\"datePublished\":\"2017-07-26T10:07:10+00:00\",\"dateModified\":\"2024-11-27T10:12:25+00:00\",\"breadcrumb\":{\"@id\":\"https:\/\/emc-solution.com\/es\/contactos\/#breadcrumb\"},\"inLanguage\":\"es\",\"potentialAction\":[{\"@type\":\"ReadAction\",\"target\":[\"https:\/\/emc-solution.com\/es\/contactos\/\"]}]},{\"@type\":\"BreadcrumbList\",\"@id\":\"https:\/\/emc-solution.com\/es\/contactos\/#breadcrumb\",\"itemListElement\":[{\"@type\":\"ListItem\",\"position\":1,\"name\":\"Home\",\"item\":\"https:\/\/emc-solution.com\/\"},{\"@type\":\"ListItem\",\"position\":2,\"name\":\"Contactos\"}]},{\"@type\":\"WebSite\",\"@id\":\"https:\/\/emc-solution.com\/#website\",\"url\":\"https:\/\/emc-solution.com\/\",\"name\":\"EMC SOLUTION\",\"description\":\"Competenza, energia, progresso\",\"publisher\":{\"@id\":\"https:\/\/emc-solution.com\/#organization\"},\"potentialAction\":[{\"@type\":\"SearchAction\",\"target\":{\"@type\":\"EntryPoint\",\"urlTemplate\":\"https:\/\/emc-solution.com\/?s={search_term_string}\"},\"query-input\":{\"@type\":\"PropertyValueSpecification\",\"valueRequired\":true,\"valueName\":\"search_term_string\"}}],\"inLanguage\":\"es\"},{\"@type\":\"Organization\",\"@id\":\"https:\/\/emc-solution.com\/#organization\",\"name\":\"EMC SOLUTION\",\"url\":\"https:\/\/emc-solution.com\/\",\"logo\":{\"@type\":\"ImageObject\",\"inLanguage\":\"es\",\"@id\":\"https:\/\/emc-solution.com\/#\/schema\/logo\/image\/\",\"url\":\"https:\/\/emc-solution.com\/wp-content\/uploads\/2017\/05\/Emc_logo_prov.png\",\"contentUrl\":\"https:\/\/emc-solution.com\/wp-content\/uploads\/2017\/05\/Emc_logo_prov.png\",\"width\":890,\"height\":490,\"caption\":\"EMC SOLUTION\"},\"image\":{\"@id\":\"https:\/\/emc-solution.com\/#\/schema\/logo\/image\/\"}}]}<\/script>\n<!-- \/ Yoast SEO plugin. -->","yoast_head_json":{"title":"Contactos - EMC","robots":{"index":"index","follow":"follow","max-snippet":"max-snippet:-1","max-image-preview":"max-image-preview:large","max-video-preview":"max-video-preview:-1"},"canonical":"https:\/\/emc-solution.com\/es\/contactos\/","og_locale":"es_ES","og_type":"article","og_title":"Contactos - EMC","og_description":"EMC SOLUTION SRL Empresa de ingenier\u00eda l\u00edder en el sector del hidr\u00f3geno con f\u00ednes energ\u00e9ticos como el almacenamiento de energ\u00eda, el backup power (la energ\u00eda de reserva), el energy time shift y las aplicaciones industriales. Address: Via Dante Alighieri, 1726823 Castiglione D'Adda (LO)ITALY &nbsp;","og_url":"https:\/\/emc-solution.com\/es\/contactos\/","og_site_name":"EMC","article_modified_time":"2024-11-27T10:12:25+00:00","og_image":[{"width":890,"height":490,"url":"https:\/\/emc-solution.com\/wp-content\/uploads\/2017\/05\/Emc_logo_prov.png","type":"image\/png"}],"twitter_card":"summary_large_image","twitter_misc":{"Tiempo de lectura":"4 minutos"},"schema":{"@context":"https:\/\/schema.org","@graph":[{"@type":"WebPage","@id":"https:\/\/emc-solution.com\/es\/contactos\/","url":"https:\/\/emc-solution.com\/es\/contactos\/","name":"Contactos - EMC","isPartOf":{"@id":"https:\/\/emc-solution.com\/#website"},"datePublished":"2017-07-26T10:07:10+00:00","dateModified":"2024-11-27T10:12:25+00:00","breadcrumb":{"@id":"https:\/\/emc-solution.com\/es\/contactos\/#breadcrumb"},"inLanguage":"es","potentialAction":[{"@type":"ReadAction","target":["https:\/\/emc-solution.com\/es\/contactos\/"]}]},{"@type":"BreadcrumbList","@id":"https:\/\/emc-solution.com\/es\/contactos\/#breadcrumb","itemListElement":[{"@type":"ListItem","position":1,"name":"Home","item":"https:\/\/emc-solution.com\/"},{"@type":"ListItem","position":2,"name":"Contactos"}]},{"@type":"WebSite","@id":"https:\/\/emc-solution.com\/#website","url":"https:\/\/emc-solution.com\/","name":"EMC SOLUTION","description":"Competenza, energia, progresso","publisher":{"@id":"https:\/\/emc-solution.com\/#organization"},"potentialAction":[{"@type":"SearchAction","target":{"@type":"EntryPoint","urlTemplate":"https:\/\/emc-solution.com\/?s={search_term_string}"},"query-input":{"@type":"PropertyValueSpecification","valueRequired":true,"valueName":"search_term_string"}}],"inLanguage":"es"},{"@type":"Organization","@id":"https:\/\/emc-solution.com\/#organization","name":"EMC SOLUTION","url":"https:\/\/emc-solution.com\/","logo":{"@type":"ImageObject","inLanguage":"es","@id":"https:\/\/emc-solution.com\/#\/schema\/logo\/image\/","url":"https:\/\/emc-solution.com\/wp-content\/uploads\/2017\/05\/Emc_logo_prov.png","contentUrl":"https:\/\/emc-solution.com\/wp-content\/uploads\/2017\/05\/Emc_logo_prov.png","width":890,"height":490,"caption":"EMC SOLUTION"},"image":{"@id":"https:\/\/emc-solution.com\/#\/schema\/logo\/image\/"}}]}},"_links":{"self":[{"href":"https:\/\/emc-solution.com\/es\/wp-json\/wp\/v2\/pages\/725","targetHints":{"allow":["GET"]}}],"collection":[{"href":"https:\/\/emc-solution.com\/es\/wp-json\/wp\/v2\/pages"}],"about":[{"href":"https:\/\/emc-solution.com\/es\/wp-json\/wp\/v2\/types\/page"}],"author":[{"embeddable":true,"href":"https:\/\/emc-solution.com\/es\/wp-json\/wp\/v2\/users\/3"}],"replies":[{"embeddable":true,"href":"https:\/\/emc-solution.com\/es\/wp-json\/wp\/v2\/comments?post=725"}],"version-history":[{"count":2,"href":"https:\/\/emc-solution.com\/es\/wp-json\/wp\/v2\/pages\/725\/revisions"}],"predecessor-version":[{"id":8402,"href":"https:\/\/emc-solution.com\/es\/wp-json\/wp\/v2\/pages\/725\/revisions\/8402"}],"wp:attachment":[{"href":"https:\/\/emc-solution.com\/es\/wp-json\/wp\/v2\/media?parent=725"}],"curies":[{"name":"wp","href":"https:\/\/api.w.org\/{rel}","templated":true}]}}