{"id":717,"date":"2017-07-26T11:58:26","date_gmt":"2017-07-26T09:58:26","guid":{"rendered":"http:\/\/emc-solution.com\/?page_id=717\/"},"modified":"2024-11-27T11:13:18","modified_gmt":"2024-11-27T10:13:18","slug":"lo-que-hacemos","status":"publish","type":"page","link":"https:\/\/emc-solution.com\/es\/lo-que-hacemos\/","title":{"rendered":"Lo que hacemos"},"content":{"rendered":"<p>[et_pb_section fb_built=\u00bb1&#8243; fullwidth=\u00bbon\u00bb admin_label=\u00bbSezione\u00bb _builder_version=\u00bb4.16&#8243; background_image=\u00bbhttps:\/\/emc-solution.com\/wp-content\/uploads\/2017\/05\/emc-cosa-facciamo.jpg\u00bb parallax=\u00bbon\u00bb parallax_method=\u00bboff\u00bb global_colors_info=\u00bb{}\u00bb][et_pb_fullwidth_slider admin_label=\u00bbSlider a Larghezza Piena\u00bb _builder_version=\u00bb4.16&#8243; custom_padding=\u00bb|||\u00bb custom_padding_tablet=\u00bb|||\u00bb custom_padding_phone=\u00bb|||\u00bb box_shadow_style=\u00bbpreset6&#8243; box_shadow_blur=\u00bb10px\u00bb box_shadow_color=\u00bbrgba(0,0,0,0.1)\u00bb remove_inner_shadow=\u00bboff\u00bb hide_content_on_mobile=\u00bboff\u00bb hide_cta_on_mobile=\u00bboff\u00bb show_inner_shadow=\u00bbon\u00bb button_letter_spacing_hover=\u00bb0&#8243; global_colors_info=\u00bb{}\u00bb button_text_size__hover_enabled=\u00bboff\u00bb button_one_text_size__hover_enabled=\u00bboff\u00bb button_two_text_size__hover_enabled=\u00bboff\u00bb button_text_color__hover_enabled=\u00bboff\u00bb button_one_text_color__hover_enabled=\u00bboff\u00bb button_two_text_color__hover_enabled=\u00bboff\u00bb button_border_width__hover_enabled=\u00bboff\u00bb button_one_border_width__hover_enabled=\u00bboff\u00bb button_two_border_width__hover_enabled=\u00bboff\u00bb button_border_color__hover_enabled=\u00bboff\u00bb button_one_border_color__hover_enabled=\u00bboff\u00bb button_two_border_color__hover_enabled=\u00bboff\u00bb button_border_radius__hover_enabled=\u00bboff\u00bb button_one_border_radius__hover_enabled=\u00bboff\u00bb button_two_border_radius__hover_enabled=\u00bboff\u00bb button_letter_spacing__hover_enabled=\u00bbon\u00bb button_letter_spacing__hover=\u00bb0&#8243; button_one_letter_spacing__hover_enabled=\u00bboff\u00bb button_two_letter_spacing__hover_enabled=\u00bboff\u00bb button_bg_color__hover_enabled=\u00bboff\u00bb button_one_bg_color__hover_enabled=\u00bboff\u00bb button_two_bg_color__hover_enabled=\u00bboff\u00bb][et_pb_slide heading=\u00bbLO QUE HACEMOS\u00bb use_bg_overlay=\u00bboff\u00bb use_text_overlay=\u00bbon\u00bb text_overlay_color=\u00bbrgba(0,0,0,0.8)\u00bb _builder_version=\u00bb4.16&#8243; header_font=\u00bb||||\u00bb body_font=\u00bb||||\u00bb background_color=\u00bbrgba(255,255,255,0)\u00bb button_icon_placement=\u00bbright\u00bb button_on_hover=\u00bbon\u00bb global_colors_info=\u00bb{}\u00bb button_text_size__hover_enabled=\u00bboff\u00bb button_one_text_size__hover_enabled=\u00bboff\u00bb button_two_text_size__hover_enabled=\u00bboff\u00bb button_text_color__hover_enabled=\u00bboff\u00bb button_one_text_color__hover_enabled=\u00bboff\u00bb button_two_text_color__hover_enabled=\u00bboff\u00bb button_border_width__hover_enabled=\u00bboff\u00bb button_one_border_width__hover_enabled=\u00bboff\u00bb button_two_border_width__hover_enabled=\u00bboff\u00bb button_border_color__hover_enabled=\u00bboff\u00bb button_one_border_color__hover_enabled=\u00bboff\u00bb button_two_border_color__hover_enabled=\u00bboff\u00bb button_border_radius__hover_enabled=\u00bboff\u00bb button_one_border_radius__hover_enabled=\u00bboff\u00bb button_two_border_radius__hover_enabled=\u00bboff\u00bb button_letter_spacing__hover_enabled=\u00bboff\u00bb button_one_letter_spacing__hover_enabled=\u00bboff\u00bb button_two_letter_spacing__hover_enabled=\u00bboff\u00bb button_bg_color__hover_enabled=\u00bboff\u00bb button_one_bg_color__hover_enabled=\u00bboff\u00bb button_two_bg_color__hover_enabled=\u00bboff\u00bb sticky_transition=\u00bbon\u00bb]<\/p>\n<h3>nos convierte en protagonistas<\/h3>\n<p>[\/et_pb_slide][\/et_pb_fullwidth_slider][\/et_pb_section][et_pb_section fb_built=\u00bb1&#8243; admin_label=\u00bbSezione\u00bb _builder_version=\u00bb4.16&#8243; background_color=\u00bbrgba(255,255,255,0)\u00bb transparent_background=\u00bbon\u00bb global_colors_info=\u00bb{}\u00bb][et_pb_row column_structure=\u00bb1_3,1_3,1_3&#8243; admin_label=\u00bbRiga\u00bb _builder_version=\u00bb4.16&#8243; background_size=\u00bbinitial\u00bb background_position=\u00bbtop_left\u00bb background_repeat=\u00bbrepeat\u00bb global_colors_info=\u00bb{}\u00bb][et_pb_column type=\u00bb1_3&#8243; _builder_version=\u00bb4.16&#8243; custom_padding=\u00bb|||\u00bb global_colors_info=\u00bb{}\u00bb custom_padding__hover=\u00bb|||\u00bb][et_pb_blurb title=\u00bbINGENIER\u00cdA\u00bb image=\u00bbhttps:\/\/emc-solution.com\/wp-content\/uploads\/2017\/05\/emc-engineering-red.png\u00bb alt=\u00bbengineering\u00bb image_icon_width=\u00bbnone\u00bb admin_label=\u00bbBlurb\u00bb _builder_version=\u00bb4.16&#8243; background_size=\u00bbinitial\u00bb background_position=\u00bbtop_left\u00bb background_repeat=\u00bbrepeat\u00bb text_orientation=\u00bbcenter\u00bb animation=\u00bbbottom\u00bb use_border_color=\u00bboff\u00bb border_color=\u00bb#ffffff\u00bb border_style=\u00bbsolid\u00bb image_max_width=\u00bbnone\u00bb use_circle=\u00bboff\u00bb use_circle_border=\u00bboff\u00bb circle_border_color=\u00bb#e52428&#8243; circle_color=\u00bb#e52428&#8243; global_colors_info=\u00bb{}\u00bb]<\/p>\n<p style=\"text-align: center;\"><strong>EMC SOLUTION SRL<\/strong> es una empresa de \u00faltima generaci\u00f3n que nace de la experiencia y del conocimiento profundo de la <strong>electr\u00f3lisis<\/strong>.<\/p>\n<p>[\/et_pb_blurb][\/et_pb_column][et_pb_column type=\u00bb1_3&#8243; _builder_version=\u00bb4.16&#8243; custom_padding=\u00bb|||\u00bb global_colors_info=\u00bb{}\u00bb custom_padding__hover=\u00bb|||\u00bb][et_pb_blurb title=\u00bbDESARROLLO DE PROTOTIPOS\u00bb image=\u00bbhttps:\/\/emc-solution.com\/wp-content\/uploads\/2017\/05\/emc-prototype-red.png\u00bb alt=\u00bbengineering\u00bb image_icon_width=\u00bbnone\u00bb admin_label=\u00bbBlurb\u00bb _builder_version=\u00bb4.16&#8243; background_size=\u00bbinitial\u00bb background_position=\u00bbtop_left\u00bb background_repeat=\u00bbrepeat\u00bb text_orientation=\u00bbcenter\u00bb animation=\u00bbbottom\u00bb use_border_color=\u00bboff\u00bb border_color=\u00bb#ffffff\u00bb border_style=\u00bbsolid\u00bb image_max_width=\u00bbnone\u00bb use_circle=\u00bboff\u00bb use_circle_border=\u00bboff\u00bb circle_border_color=\u00bb#e52428&#8243; circle_color=\u00bb#e52428&#8243; global_colors_info=\u00bb{}\u00bb]<\/p>\n<p style=\"text-align: center;\">Tiene muchos a\u00f1os de experiencia desde la<br \/>\n<strong>ingenier\u00eda de detalle<\/strong> hasta el<br \/>\n<strong>proyecto ejecutivo<\/strong>.<\/p>\n<p>[\/et_pb_blurb][\/et_pb_column][et_pb_column type=\u00bb1_3&#8243; _builder_version=\u00bb4.16&#8243; custom_padding=\u00bb|||\u00bb global_colors_info=\u00bb{}\u00bb custom_padding__hover=\u00bb|||\u00bb][et_pb_blurb title=\u00bbCERTIFICACI\u00d3N\u00bb image=\u00bbhttps:\/\/emc-solution.com\/wp-content\/uploads\/2017\/05\/emc-certification-red.png\u00bb alt=\u00bbengineering\u00bb image_icon_width=\u00bbnone\u00bb admin_label=\u00bbBlurb\u00bb _builder_version=\u00bb4.16&#8243; background_size=\u00bbinitial\u00bb background_position=\u00bbtop_left\u00bb background_repeat=\u00bbrepeat\u00bb text_orientation=\u00bbcenter\u00bb animation=\u00bbbottom\u00bb use_border_color=\u00bboff\u00bb border_color=\u00bb#ffffff\u00bb border_style=\u00bbsolid\u00bb image_max_width=\u00bbnone\u00bb use_circle=\u00bboff\u00bb use_circle_border=\u00bboff\u00bb circle_border_color=\u00bb#e52428&#8243; circle_color=\u00bb#e52428&#8243; global_colors_info=\u00bb{}\u00bb]<\/p>\n<p style=\"text-align: center;\"><strong>Califica<\/strong> y <strong>certifica<\/strong> de acuerdo con las normas de seguridad y calidad ATEX y PED para los componentes de plantas.<\/p>\n<p>[\/et_pb_blurb][\/et_pb_column][\/et_pb_row][\/et_pb_section][et_pb_section fb_built=\u00bb1&#8243; admin_label=\u00bbSezione\u00bb _builder_version=\u00bb4.23&#8243; background_color=\u00bb#e52428&#8243; background_image=\u00bbhttps:\/\/emc-solution.com\/wp-content\/uploads\/2017\/05\/emc-leave-a-contact-02-1.png\u00bb global_colors_info=\u00bb{}\u00bb][et_pb_row admin_label=\u00bbRiga\u00bb _builder_version=\u00bb4.16&#8243; background_size=\u00bbinitial\u00bb background_position=\u00bbtop_left\u00bb background_repeat=\u00bbrepeat\u00bb global_colors_info=\u00bb{}\u00bb][et_pb_column type=\u00bb4_4&#8243; _builder_version=\u00bb4.16&#8243; custom_padding=\u00bb|||\u00bb global_colors_info=\u00bb{}\u00bb custom_padding__hover=\u00bb|||\u00bb][et_pb_cta button_url=\u00bbhttps:\/\/emc-solution.com\/es\/contactos\/\u00bb button_text=\u00bbESCR\u013aBENOS\u00bb admin_label=\u00bbCall-To-Action\u00bb _builder_version=\u00bb4.16&#8243; use_background_color=\u00bboff\u00bb background_size=\u00bbinitial\u00bb background_position=\u00bbtop_left\u00bb background_repeat=\u00bbrepeat\u00bb button_letter_spacing_hover=\u00bb0&#8243; use_border_color=\u00bboff\u00bb border_color=\u00bb#ffffff\u00bb border_style=\u00bbsolid\u00bb global_colors_info=\u00bb{}\u00bb button_text_size__hover_enabled=\u00bboff\u00bb button_one_text_size__hover_enabled=\u00bboff\u00bb button_two_text_size__hover_enabled=\u00bboff\u00bb button_text_color__hover_enabled=\u00bboff\u00bb button_one_text_color__hover_enabled=\u00bboff\u00bb button_two_text_color__hover_enabled=\u00bboff\u00bb button_border_width__hover_enabled=\u00bboff\u00bb button_one_border_width__hover_enabled=\u00bboff\u00bb button_two_border_width__hover_enabled=\u00bboff\u00bb button_border_color__hover_enabled=\u00bboff\u00bb button_one_border_color__hover_enabled=\u00bboff\u00bb button_two_border_color__hover_enabled=\u00bboff\u00bb button_border_radius__hover_enabled=\u00bboff\u00bb button_one_border_radius__hover_enabled=\u00bboff\u00bb button_two_border_radius__hover_enabled=\u00bboff\u00bb button_letter_spacing__hover_enabled=\u00bbon\u00bb button_letter_spacing__hover=\u00bb0&#8243; button_one_letter_spacing__hover_enabled=\u00bboff\u00bb button_two_letter_spacing__hover_enabled=\u00bboff\u00bb button_bg_color__hover_enabled=\u00bboff\u00bb button_one_bg_color__hover_enabled=\u00bboff\u00bb button_two_bg_color__hover_enabled=\u00bboff\u00bb]&nbsp;<\/p>\n<h1>Pregunta por una Case Histroy<\/h1>\n<p>Podemos mostrar un n\u00famero sustancial de intervenciones de proyectos con diferentes entidades.<br \/>\n[\/et_pb_cta][\/et_pb_column][\/et_pb_row][\/et_pb_section]<\/p>\n","protected":false},"excerpt":{"rendered":"<p>nos convierte en protagonistas EMC SOLUTION SRL es una empresa de \u00faltima generaci\u00f3n que nace de la experiencia y del conocimiento profundo de la electr\u00f3lisis.Tiene muchos a\u00f1os de experiencia desde la ingenier\u00eda de detalle hasta el proyecto ejecutivo. Califica y certifica de acuerdo con las normas de seguridad y calidad ATEX y PED para los [&hellip;]<\/p>\n","protected":false},"author":3,"featured_media":0,"parent":0,"menu_order":0,"comment_status":"closed","ping_status":"closed","template":"","meta":{"_et_pb_use_builder":"on","_et_pb_old_content":"","_et_gb_content_width":"","footnotes":""},"class_list":["post-717","page","type-page","status-publish","hentry"],"yoast_head":"<!-- This site is optimized with the Yoast SEO plugin v26.2 - https:\/\/yoast.com\/wordpress\/plugins\/seo\/ -->\n<title>Lo que hacemos - EMC<\/title>\n<meta name=\"robots\" content=\"index, follow, max-snippet:-1, max-image-preview:large, max-video-preview:-1\" \/>\n<link rel=\"canonical\" href=\"https:\/\/emc-solution.com\/es\/lo-que-hacemos\/\" \/>\n<meta property=\"og:locale\" content=\"es_ES\" \/>\n<meta property=\"og:type\" content=\"article\" \/>\n<meta property=\"og:title\" content=\"Lo que hacemos - EMC\" \/>\n<meta property=\"og:description\" content=\"nos convierte en protagonistas EMC SOLUTION SRL es una empresa de \u00faltima generaci\u00f3n que nace de la experiencia y del conocimiento profundo de la electr\u00f3lisis.Tiene muchos a\u00f1os de experiencia desde la ingenier\u00eda de detalle hasta el proyecto ejecutivo. Califica y certifica de acuerdo con las normas de seguridad y calidad ATEX y PED para los [&hellip;]\" \/>\n<meta property=\"og:url\" content=\"https:\/\/emc-solution.com\/es\/lo-que-hacemos\/\" \/>\n<meta property=\"og:site_name\" content=\"EMC\" \/>\n<meta property=\"article:modified_time\" content=\"2024-11-27T10:13:18+00:00\" \/>\n<meta property=\"og:image\" content=\"https:\/\/emc-solution.com\/wp-content\/uploads\/2017\/05\/Emc_logo_prov.png\" \/>\n\t<meta property=\"og:image:width\" content=\"890\" \/>\n\t<meta property=\"og:image:height\" content=\"490\" \/>\n\t<meta property=\"og:image:type\" content=\"image\/png\" \/>\n<meta name=\"twitter:card\" content=\"summary_large_image\" \/>\n<meta name=\"twitter:label1\" content=\"Tiempo de lectura\" \/>\n\t<meta name=\"twitter:data1\" content=\"5 minutos\" \/>\n<script type=\"application\/ld+json\" class=\"yoast-schema-graph\">{\"@context\":\"https:\/\/schema.org\",\"@graph\":[{\"@type\":\"WebPage\",\"@id\":\"https:\/\/emc-solution.com\/es\/lo-que-hacemos\/\",\"url\":\"https:\/\/emc-solution.com\/es\/lo-que-hacemos\/\",\"name\":\"Lo que hacemos - EMC\",\"isPartOf\":{\"@id\":\"https:\/\/emc-solution.com\/#website\"},\"datePublished\":\"2017-07-26T09:58:26+00:00\",\"dateModified\":\"2024-11-27T10:13:18+00:00\",\"breadcrumb\":{\"@id\":\"https:\/\/emc-solution.com\/es\/lo-que-hacemos\/#breadcrumb\"},\"inLanguage\":\"es\",\"potentialAction\":[{\"@type\":\"ReadAction\",\"target\":[\"https:\/\/emc-solution.com\/es\/lo-que-hacemos\/\"]}]},{\"@type\":\"BreadcrumbList\",\"@id\":\"https:\/\/emc-solution.com\/es\/lo-que-hacemos\/#breadcrumb\",\"itemListElement\":[{\"@type\":\"ListItem\",\"position\":1,\"name\":\"Home\",\"item\":\"https:\/\/emc-solution.com\/\"},{\"@type\":\"ListItem\",\"position\":2,\"name\":\"Lo que hacemos\"}]},{\"@type\":\"WebSite\",\"@id\":\"https:\/\/emc-solution.com\/#website\",\"url\":\"https:\/\/emc-solution.com\/\",\"name\":\"EMC SOLUTION\",\"description\":\"Competenza, energia, progresso\",\"publisher\":{\"@id\":\"https:\/\/emc-solution.com\/#organization\"},\"potentialAction\":[{\"@type\":\"SearchAction\",\"target\":{\"@type\":\"EntryPoint\",\"urlTemplate\":\"https:\/\/emc-solution.com\/?s={search_term_string}\"},\"query-input\":{\"@type\":\"PropertyValueSpecification\",\"valueRequired\":true,\"valueName\":\"search_term_string\"}}],\"inLanguage\":\"es\"},{\"@type\":\"Organization\",\"@id\":\"https:\/\/emc-solution.com\/#organization\",\"name\":\"EMC SOLUTION\",\"url\":\"https:\/\/emc-solution.com\/\",\"logo\":{\"@type\":\"ImageObject\",\"inLanguage\":\"es\",\"@id\":\"https:\/\/emc-solution.com\/#\/schema\/logo\/image\/\",\"url\":\"https:\/\/emc-solution.com\/wp-content\/uploads\/2017\/05\/Emc_logo_prov.png\",\"contentUrl\":\"https:\/\/emc-solution.com\/wp-content\/uploads\/2017\/05\/Emc_logo_prov.png\",\"width\":890,\"height\":490,\"caption\":\"EMC SOLUTION\"},\"image\":{\"@id\":\"https:\/\/emc-solution.com\/#\/schema\/logo\/image\/\"}}]}<\/script>\n<!-- \/ Yoast SEO plugin. -->","yoast_head_json":{"title":"Lo que hacemos - EMC","robots":{"index":"index","follow":"follow","max-snippet":"max-snippet:-1","max-image-preview":"max-image-preview:large","max-video-preview":"max-video-preview:-1"},"canonical":"https:\/\/emc-solution.com\/es\/lo-que-hacemos\/","og_locale":"es_ES","og_type":"article","og_title":"Lo que hacemos - EMC","og_description":"nos convierte en protagonistas EMC SOLUTION SRL es una empresa de \u00faltima generaci\u00f3n que nace de la experiencia y del conocimiento profundo de la electr\u00f3lisis.Tiene muchos a\u00f1os de experiencia desde la ingenier\u00eda de detalle hasta el proyecto ejecutivo. Califica y certifica de acuerdo con las normas de seguridad y calidad ATEX y PED para los [&hellip;]","og_url":"https:\/\/emc-solution.com\/es\/lo-que-hacemos\/","og_site_name":"EMC","article_modified_time":"2024-11-27T10:13:18+00:00","og_image":[{"width":890,"height":490,"url":"https:\/\/emc-solution.com\/wp-content\/uploads\/2017\/05\/Emc_logo_prov.png","type":"image\/png"}],"twitter_card":"summary_large_image","twitter_misc":{"Tiempo de lectura":"5 minutos"},"schema":{"@context":"https:\/\/schema.org","@graph":[{"@type":"WebPage","@id":"https:\/\/emc-solution.com\/es\/lo-que-hacemos\/","url":"https:\/\/emc-solution.com\/es\/lo-que-hacemos\/","name":"Lo que hacemos - EMC","isPartOf":{"@id":"https:\/\/emc-solution.com\/#website"},"datePublished":"2017-07-26T09:58:26+00:00","dateModified":"2024-11-27T10:13:18+00:00","breadcrumb":{"@id":"https:\/\/emc-solution.com\/es\/lo-que-hacemos\/#breadcrumb"},"inLanguage":"es","potentialAction":[{"@type":"ReadAction","target":["https:\/\/emc-solution.com\/es\/lo-que-hacemos\/"]}]},{"@type":"BreadcrumbList","@id":"https:\/\/emc-solution.com\/es\/lo-que-hacemos\/#breadcrumb","itemListElement":[{"@type":"ListItem","position":1,"name":"Home","item":"https:\/\/emc-solution.com\/"},{"@type":"ListItem","position":2,"name":"Lo que hacemos"}]},{"@type":"WebSite","@id":"https:\/\/emc-solution.com\/#website","url":"https:\/\/emc-solution.com\/","name":"EMC SOLUTION","description":"Competenza, energia, progresso","publisher":{"@id":"https:\/\/emc-solution.com\/#organization"},"potentialAction":[{"@type":"SearchAction","target":{"@type":"EntryPoint","urlTemplate":"https:\/\/emc-solution.com\/?s={search_term_string}"},"query-input":{"@type":"PropertyValueSpecification","valueRequired":true,"valueName":"search_term_string"}}],"inLanguage":"es"},{"@type":"Organization","@id":"https:\/\/emc-solution.com\/#organization","name":"EMC SOLUTION","url":"https:\/\/emc-solution.com\/","logo":{"@type":"ImageObject","inLanguage":"es","@id":"https:\/\/emc-solution.com\/#\/schema\/logo\/image\/","url":"https:\/\/emc-solution.com\/wp-content\/uploads\/2017\/05\/Emc_logo_prov.png","contentUrl":"https:\/\/emc-solution.com\/wp-content\/uploads\/2017\/05\/Emc_logo_prov.png","width":890,"height":490,"caption":"EMC SOLUTION"},"image":{"@id":"https:\/\/emc-solution.com\/#\/schema\/logo\/image\/"}}]}},"_links":{"self":[{"href":"https:\/\/emc-solution.com\/es\/wp-json\/wp\/v2\/pages\/717","targetHints":{"allow":["GET"]}}],"collection":[{"href":"https:\/\/emc-solution.com\/es\/wp-json\/wp\/v2\/pages"}],"about":[{"href":"https:\/\/emc-solution.com\/es\/wp-json\/wp\/v2\/types\/page"}],"author":[{"embeddable":true,"href":"https:\/\/emc-solution.com\/es\/wp-json\/wp\/v2\/users\/3"}],"replies":[{"embeddable":true,"href":"https:\/\/emc-solution.com\/es\/wp-json\/wp\/v2\/comments?post=717"}],"version-history":[{"count":1,"href":"https:\/\/emc-solution.com\/es\/wp-json\/wp\/v2\/pages\/717\/revisions"}],"predecessor-version":[{"id":8403,"href":"https:\/\/emc-solution.com\/es\/wp-json\/wp\/v2\/pages\/717\/revisions\/8403"}],"wp:attachment":[{"href":"https:\/\/emc-solution.com\/es\/wp-json\/wp\/v2\/media?parent=717"}],"curies":[{"name":"wp","href":"https:\/\/api.w.org\/{rel}","templated":true}]}}