{"id":707,"date":"2017-07-26T11:27:51","date_gmt":"2017-07-26T09:27:51","guid":{"rendered":"http:\/\/emc-solution.com\/?page_id=707\/"},"modified":"2024-11-27T11:17:41","modified_gmt":"2024-11-27T10:17:41","slug":"home","status":"publish","type":"page","link":"https:\/\/emc-solution.com\/es\/","title":{"rendered":"Home"},"content":{"rendered":"<p>[et_pb_section fb_built=\u00bb1&#8243; fullwidth=\u00bbon\u00bb admin_label=\u00bbSlider.Home\u00bb _builder_version=\u00bb4.16&#8243; background_image=\u00bbhttp:\/\/emc-solution.com\/wp-content\/uploads\/2017\/05\/emc-homepage-2.jpg\u00bb parallax=\u00bbon\u00bb parallax_method=\u00bboff\u00bb custom_padding=\u00bb|||\u00bb custom_css_main_element=\u00bbheight: 550px;\u00bb global_colors_info=\u00bb{}\u00bb][et_pb_fullwidth_slider show_arrows=\u00bboff\u00bb show_pagination=\u00bboff\u00bb admin_label=\u00bbFullwidth Slider\u00bb _builder_version=\u00bb4.16&#8243; parallax=\u00bbon\u00bb custom_padding=\u00bb|||\u00bb custom_padding_tablet=\u00bb|||\u00bb custom_padding_phone=\u00bb|||\u00bb remove_inner_shadow=\u00bbon\u00bb show_inner_shadow=\u00bboff\u00bb global_colors_info=\u00bb{}\u00bb button_text_size__hover_enabled=\u00bboff\u00bb button_one_text_size__hover_enabled=\u00bboff\u00bb button_two_text_size__hover_enabled=\u00bboff\u00bb button_text_color__hover_enabled=\u00bboff\u00bb button_one_text_color__hover_enabled=\u00bboff\u00bb button_two_text_color__hover_enabled=\u00bboff\u00bb button_border_width__hover_enabled=\u00bboff\u00bb button_one_border_width__hover_enabled=\u00bboff\u00bb button_two_border_width__hover_enabled=\u00bboff\u00bb button_border_color__hover_enabled=\u00bboff\u00bb button_one_border_color__hover_enabled=\u00bboff\u00bb button_two_border_color__hover_enabled=\u00bboff\u00bb button_border_radius__hover_enabled=\u00bboff\u00bb button_one_border_radius__hover_enabled=\u00bboff\u00bb button_two_border_radius__hover_enabled=\u00bboff\u00bb button_letter_spacing__hover_enabled=\u00bboff\u00bb button_one_letter_spacing__hover_enabled=\u00bboff\u00bb button_two_letter_spacing__hover_enabled=\u00bboff\u00bb button_bg_color__hover_enabled=\u00bboff\u00bb button_one_bg_color__hover_enabled=\u00bboff\u00bb button_two_bg_color__hover_enabled=\u00bboff\u00bb][et_pb_slide heading=\u00bbEMC SOLUTION SRL\u00bb use_bg_overlay=\u00bboff\u00bb use_text_overlay=\u00bbon\u00bb text_overlay_color=\u00bbrgba(0,0,0,0.8)\u00bb _builder_version=\u00bb4.16&#8243; header_font=\u00bb||||\u00bb body_font=\u00bb||||\u00bb background_color=\u00bbrgba(255,255,255,0)\u00bb button_icon_placement=\u00bbright\u00bb button_on_hover=\u00bbon\u00bb global_colors_info=\u00bb{}\u00bb sticky_transition=\u00bbon\u00bb button_text_size__hover_enabled=\u00bboff\u00bb button_one_text_size__hover_enabled=\u00bboff\u00bb button_two_text_size__hover_enabled=\u00bboff\u00bb button_text_color__hover_enabled=\u00bboff\u00bb button_one_text_color__hover_enabled=\u00bboff\u00bb button_two_text_color__hover_enabled=\u00bboff\u00bb button_border_width__hover_enabled=\u00bboff\u00bb button_one_border_width__hover_enabled=\u00bboff\u00bb button_two_border_width__hover_enabled=\u00bboff\u00bb button_border_color__hover_enabled=\u00bboff\u00bb button_one_border_color__hover_enabled=\u00bboff\u00bb button_two_border_color__hover_enabled=\u00bboff\u00bb button_border_radius__hover_enabled=\u00bboff\u00bb button_one_border_radius__hover_enabled=\u00bboff\u00bb button_two_border_radius__hover_enabled=\u00bboff\u00bb button_letter_spacing__hover_enabled=\u00bboff\u00bb button_one_letter_spacing__hover_enabled=\u00bboff\u00bb button_two_letter_spacing__hover_enabled=\u00bboff\u00bb button_bg_color__hover_enabled=\u00bboff\u00bb button_one_bg_color__hover_enabled=\u00bboff\u00bb button_two_bg_color__hover_enabled=\u00bboff\u00bb]<\/p>\n<h3>Sistemas de generaci\u00f3n de hidr\u00f3geno de alta presi\u00f3n, metano,<br \/>\nplanta de purificacion  de gas y estaciones de recargas<\/h3>\n<p>[\/et_pb_slide][\/et_pb_fullwidth_slider][\/et_pb_section][et_pb_section fb_built=\u00bb1&#8243; admin_label=\u00bbSettori\u00bb _builder_version=\u00bb4.16&#8243; background_color=\u00bb#e52428&#8243; parallax=\u00bbon\u00bb global_colors_info=\u00bb{}\u00bb][et_pb_row admin_label=\u00bbrow\u00bb _builder_version=\u00bb4.16&#8243; background_size=\u00bbinitial\u00bb background_position=\u00bbtop_left\u00bb background_repeat=\u00bbrepeat\u00bb custom_padding=\u00bb0px|0px|27px|0px\u00bb global_colors_info=\u00bb{}\u00bb column_structure=\u00bb1_3,1_3,1_3&#8243;][et_pb_column type=\u00bb1_3&#8243; _builder_version=\u00bb4.16&#8243; custom_padding=\u00bb|||\u00bb global_colors_info=\u00bb{}\u00bb custom_padding__hover=\u00bb|||\u00bb][et_pb_blurb title=\u00bbINGENIER\u00cdA\u00bb image=\u00bbhttp:\/\/emc-solution.com\/wp-content\/uploads\/2017\/05\/emc-engineering-white.png\u00bb alt=\u00bbengineering\u00bb image_icon_width=\u00bbnone\u00bb admin_label=\u00bbIngegneria\u00bb _builder_version=\u00bb4.16&#8243; background_size=\u00bbinitial\u00bb background_position=\u00bbtop_left\u00bb background_repeat=\u00bbrepeat\u00bb text_orientation=\u00bbcenter\u00bb background_layout=\u00bbdark\u00bb animation=\u00bbbottom\u00bb image_max_width=\u00bbnone\u00bb global_colors_info=\u00bb{}\u00bb]<\/p>\n<p id=\"tw-target-text\" class=\"tw-data-text tw-ta tw-text-small\" dir=\"ltr\" data-placeholder=\"Traduzione\"><strong>EMC SOLUTION SRL<\/strong> es una empresa de \u00faltima generaci\u00f3n que nace de la experiencia y del conocimiento profundo de la <strong>electr\u00f3lisis.<\/strong><\/p>\n<p>[\/et_pb_blurb][\/et_pb_column][et_pb_column type=\u00bb1_3&#8243; _builder_version=\u00bb4.16&#8243; custom_padding=\u00bb|||\u00bb global_colors_info=\u00bb{}\u00bb custom_padding__hover=\u00bb|||\u00bb][et_pb_blurb title=\u00bbDESARROLLO DE PROTOTIPOS\u00bb image=\u00bbhttp:\/\/emc-solution.com\/wp-content\/uploads\/2017\/05\/emc-prototype-white.png\u00bb alt=\u00bbprototyping\u00bb image_icon_width=\u00bbnone\u00bb admin_label=\u00bbPrototipazione\u00bb _builder_version=\u00bb4.16&#8243; background_size=\u00bbinitial\u00bb background_position=\u00bbtop_left\u00bb background_repeat=\u00bbrepeat\u00bb text_orientation=\u00bbcenter\u00bb background_layout=\u00bbdark\u00bb animation=\u00bbbottom\u00bb image_max_width=\u00bbnone\u00bb global_colors_info=\u00bb{}\u00bb]Tiene muchos a\u00f1os de experiencia desde la ingenier\u00eda de detalle hasta el proyecto ejecutivo.<br \/>\n[\/et_pb_blurb][\/et_pb_column][et_pb_column type=\u00bb1_3&#8243; _builder_version=\u00bb4.16&#8243; custom_padding=\u00bb|||\u00bb global_colors_info=\u00bb{}\u00bb custom_padding__hover=\u00bb|||\u00bb][et_pb_blurb title=\u00bbCERTIFICACI\u00d3N\u00bb image=\u00bbhttp:\/\/emc-solution.com\/wp-content\/uploads\/2017\/05\/emc-certification-white.png\u00bb alt=\u00bbcertification\u00bb image_icon_width=\u00bbnone\u00bb admin_label=\u00bbCertificazione\u00bb _builder_version=\u00bb4.16&#8243; background_size=\u00bbinitial\u00bb background_position=\u00bbtop_left\u00bb background_repeat=\u00bbrepeat\u00bb text_orientation=\u00bbcenter\u00bb background_layout=\u00bbdark\u00bb animation=\u00bbbottom\u00bb image_max_width=\u00bbnone\u00bb global_colors_info=\u00bb{}\u00bb]Califica y certifica de acuerdo con las normas de seguridad y calidad <strong>ATEX<\/strong> y <strong>PED<\/strong> para los componentes de plantas.<br \/>\n[\/et_pb_blurb][\/et_pb_column][\/et_pb_row][\/et_pb_section][et_pb_section fb_built=\u00bb1&#8243; admin_label=\u00bbPunti di forza\u00bb _builder_version=\u00bb4.16&#8243; background_video_mp4=\u00bbhttp:\/\/emc-solution.com\/wp-content\/uploads\/2017\/05\/563399566.mp4&#8243; custom_css_main_element=\u00bbheight: 900px\u00bb global_colors_info=\u00bb{}\u00bb][et_pb_row admin_label=\u00bbrow\u00bb module_class=\u00bb et_pb_row_fullwidth\u00bb _builder_version=\u00bb4.16&#8243; background_color=\u00bbrgba(0,0,0,0.8)\u00bb background_size=\u00bbinitial\u00bb background_position=\u00bbtop_left\u00bb background_repeat=\u00bbrepeat\u00bb background_video_height=\u00bbhttp:\/\/emc-solution.com\/wp-admin\/post.php?post=232&#038;action=edit#\u00bb width=\u00bb89%\u00bb width_tablet=\u00bb80%\u00bb width_last_edited=\u00bbon|desktop\u00bb max_width=\u00bb89%\u00bb max_width_tablet=\u00bb80%\u00bb max_width_last_edited=\u00bbon|desktop\u00bb custom_margin=\u00bb150px|||\u00bb custom_padding=\u00bb40px||40px|0px\u00bb make_fullwidth=\u00bbon\u00bb global_colors_info=\u00bb{}\u00bb width_phone=\u00bb80%\u00bb max_width_phone=\u00bb80%\u00bb][et_pb_column type=\u00bb4_4&#8243; _builder_version=\u00bb4.16&#8243; custom_padding=\u00bb|||\u00bb global_colors_info=\u00bb{}\u00bb custom_padding__hover=\u00bb|||\u00bb][et_pb_text admin_label=\u00bbPerch\u00e9 noi?\u00bb _builder_version=\u00bb4.16&#8243; background_size=\u00bbinitial\u00bb background_position=\u00bbtop_left\u00bb background_repeat=\u00bbrepeat\u00bb text_orientation=\u00bbcenter\u00bb background_layout=\u00bbdark\u00bb module_alignment=\u00bbcenter\u00bb global_colors_info=\u00bb{}\u00bb]<\/p>\n<h1>Por qu\u00e9 eligir a EMC<\/h1>\n<div class=\"et_pb_text et_pb_module et_pb_bg_layout_dark et_pb_text_align_center et_pb_text_0\">\n<p><span lang=\"es\">La pericia y experiencia de los profesionales que trabajan para EMC son la garant\u00eda vivente de profesionalismo en el mercado<\/span>.<\/p>\n<\/div>\n<div class=\"et_pb_blurb et_pb_module et_pb_bg_layout_dark et_pb_text_align_center et_pb_blurb_3 et_pb_blurb_position_left\"><\/div>\n<p>[\/et_pb_text][et_pb_blurb title=\u00bbEspecialista de sector\u00bb image=\u00bbhttp:\/\/emc-solution.com\/wp-content\/uploads\/2017\/05\/32x32_emc_expertise_02.png\u00bb icon_placement=\u00bbleft\u00bb image_icon_width=\u00bbnone\u00bb admin_label=\u00bbExpertise di Settore\u00bb _builder_version=\u00bb4.16&#8243; background_size=\u00bbinitial\u00bb background_position=\u00bbtop_left\u00bb background_repeat=\u00bbrepeat\u00bb text_orientation=\u00bbcenter\u00bb background_layout=\u00bbdark\u00bb animation=\u00bbbottom\u00bb image_max_width=\u00bbnone\u00bb global_colors_info=\u00bb{}\u00bb]<span style=\"color: #bbbbbb;\">Nuestra experiencia plurianual certifica competencia y calidad<\/span><span style=\"color: #bbbbbb;\"><span style=\"color: #bbbbbb;\">. <\/span><\/span><br \/>\n[\/et_pb_blurb][et_pb_blurb title=\u00bbTecnolog\u00eda Innovadora\u00bb image=\u00bbhttp:\/\/emc-solution.com\/wp-content\/uploads\/2017\/05\/32x32_emc_tecnologia_02.png\u00bb icon_placement=\u00bbleft\u00bb image_icon_width=\u00bbnone\u00bb admin_label=\u00bbTecnologia Innovativa\u00bb _builder_version=\u00bb4.16&#8243; background_size=\u00bbinitial\u00bb background_position=\u00bbtop_left\u00bb background_repeat=\u00bbrepeat\u00bb text_orientation=\u00bbcenter\u00bb background_layout=\u00bbdark\u00bb animation=\u00bbright\u00bb image_max_width=\u00bbnone\u00bb global_colors_info=\u00bb{}\u00bb]<span style=\"color: #bbbbbb;\">Nuestra pasi\u00f3n por lo que hacemos nos lleva a buscar soluciones innovadoras y eficaces<\/span><span style=\"color: #bbbbbb;\">. <\/span><br \/>\n[\/et_pb_blurb][et_pb_blurb title=\u00bbSeriedad, preparaci\u00f3n y competencia\u00bb image=\u00bbhttp:\/\/emc-solution.com\/wp-content\/uploads\/2017\/05\/32x32_emc_serieta_02.png\u00bb icon_placement=\u00bbleft\u00bb image_icon_width=\u00bbnone\u00bb admin_label=\u00bbSerieta, preparazione e competenza\u00bb _builder_version=\u00bb4.16&#8243; background_size=\u00bbinitial\u00bb background_position=\u00bbtop_left\u00bb background_repeat=\u00bbrepeat\u00bb text_orientation=\u00bbcenter\u00bb background_layout=\u00bbdark\u00bb image_max_width=\u00bbnone\u00bb global_colors_info=\u00bb{}\u00bb]<span style=\"color: #bbbbbb;\">El cuidado y la seriedad de nuestro trabajo garantizan un enfoque serio y profesional.<\/span><br \/>\n[\/et_pb_blurb][et_pb_blurb title=\u00bbContatto \u00fanico durante todo el proceso de produci\u00f3n\u00bb image=\u00bbhttp:\/\/emc-solution.com\/wp-content\/uploads\/2017\/05\/32x32_emc_contatto-unico_02.png\u00bb icon_placement=\u00bbleft\u00bb image_icon_width=\u00bbnone\u00bb admin_label=\u00bbContatto unico\u00bb _builder_version=\u00bb4.16&#8243; background_size=\u00bbinitial\u00bb background_position=\u00bbtop_left\u00bb background_repeat=\u00bbrepeat\u00bb text_orientation=\u00bbcenter\u00bb background_layout=\u00bbdark\u00bb animation=\u00bbbottom\u00bb image_max_width=\u00bbnone\u00bb global_colors_info=\u00bb{}\u00bb]<span style=\"color: #bbbbbb;\">Somos los \u00fanicos interlocutores para asegurar una relaci\u00f3n constante y responsable<\/span><span style=\"color: #bbbbbb;\"><span style=\"color: #bbbbbb;\">. <\/span><\/span><br \/>\n[\/et_pb_blurb][\/et_pb_column][\/et_pb_row][\/et_pb_section][et_pb_section fb_built=\u00bb1&#8243; admin_label=\u00bbContatto\u00bb _builder_version=\u00bb4.16&#8243; background_color=\u00bb#e52428&#8243; background_image=\u00bbhttp:\/\/emc-solution.com\/wp-content\/uploads\/2017\/05\/emc-leave-a-contact-02-1.png\u00bb parallax=\u00bbon\u00bb custom_css_main_element=\u00bb\/* height: 300px; *\/\u00bb global_colors_info=\u00bb{}\u00bb][et_pb_row admin_label=\u00bbrow\u00bb _builder_version=\u00bb4.16&#8243; background_size=\u00bbinitial\u00bb background_position=\u00bbtop_left\u00bb background_repeat=\u00bbrepeat\u00bb custom_padding=\u00bb0px|0px|27px|0px\u00bb global_colors_info=\u00bb{}\u00bb][et_pb_column type=\u00bb4_4&#8243; _builder_version=\u00bb4.16&#8243; custom_padding=\u00bb|||\u00bb global_colors_info=\u00bb{}\u00bb custom_padding__hover=\u00bb|||\u00bb][et_pb_cta admin_label=\u00bbRichiesta Info\u00bb _builder_version=\u00bb4.16&#8243; use_background_color=\u00bboff\u00bb background_size=\u00bbinitial\u00bb background_position=\u00bbtop_left\u00bb background_repeat=\u00bbrepeat\u00bb global_colors_info=\u00bb{}\u00bb button_text_size__hover_enabled=\u00bboff\u00bb button_one_text_size__hover_enabled=\u00bboff\u00bb button_two_text_size__hover_enabled=\u00bboff\u00bb button_text_color__hover_enabled=\u00bboff\u00bb button_one_text_color__hover_enabled=\u00bboff\u00bb button_two_text_color__hover_enabled=\u00bboff\u00bb button_border_width__hover_enabled=\u00bboff\u00bb button_one_border_width__hover_enabled=\u00bboff\u00bb button_two_border_width__hover_enabled=\u00bboff\u00bb button_border_color__hover_enabled=\u00bboff\u00bb button_one_border_color__hover_enabled=\u00bboff\u00bb button_two_border_color__hover_enabled=\u00bboff\u00bb button_border_radius__hover_enabled=\u00bboff\u00bb button_one_border_radius__hover_enabled=\u00bboff\u00bb button_two_border_radius__hover_enabled=\u00bboff\u00bb button_letter_spacing__hover_enabled=\u00bboff\u00bb button_one_letter_spacing__hover_enabled=\u00bboff\u00bb button_two_letter_spacing__hover_enabled=\u00bboff\u00bb button_bg_color__hover_enabled=\u00bboff\u00bb button_one_bg_color__hover_enabled=\u00bboff\u00bb button_two_bg_color__hover_enabled=\u00bboff\u00bb]<\/p>\n<p>&nbsp;<\/p>\n<h1>Pregunta por una Case Histroy<\/h1>\n<p>Podemos mostrar un n\u00famero sustancial de intervenciones de proyectos con diferentes entidades.<\/p>\n<p>[\/et_pb_cta][et_pb_text admin_label=\u00bbForm\u00bb _builder_version=\u00bb4.16&#8243; background_size=\u00bbinitial\u00bb background_position=\u00bbtop_left\u00bb background_repeat=\u00bbrepeat\u00bb text_orientation=\u00bbcenter\u00bb background_layout=\u00bbdark\u00bb module_alignment=\u00bbcenter\u00bb global_colors_info=\u00bb{}\u00bb]\n<div class=\"wpcf7 no-js\" id=\"wpcf7-f709-o1\" lang=\"it-IT\" dir=\"ltr\" data-wpcf7-id=\"709\">\n<div class=\"screen-reader-response\"><p role=\"status\" aria-live=\"polite\" aria-atomic=\"true\"><\/p> <ul><\/ul><\/div>\n<form action=\"\/es\/wp-json\/wp\/v2\/pages\/707#wpcf7-f709-o1\" method=\"post\" class=\"wpcf7-form init wpcf7-acceptance-as-validation\" aria-label=\"Modulo di contatto\" enctype=\"multipart\/form-data\" novalidate=\"novalidate\" data-status=\"init\">\n<fieldset class=\"hidden-fields-container\"><input type=\"hidden\" name=\"_wpcf7\" value=\"709\" \/><input type=\"hidden\" name=\"_wpcf7_version\" value=\"6.1.2\" \/><input type=\"hidden\" name=\"_wpcf7_locale\" value=\"it_IT\" \/><input type=\"hidden\" name=\"_wpcf7_unit_tag\" value=\"wpcf7-f709-o1\" \/><input type=\"hidden\" name=\"_wpcf7_container_post\" value=\"0\" \/><input type=\"hidden\" name=\"_wpcf7_posted_data_hash\" value=\"\" \/><input type=\"hidden\" name=\"_wpcf7_recaptcha_response\" value=\"\" \/>\n<\/fieldset>\n<div id=\"form-case-history\">\n\t<p><label> Nombre*<br \/>\n<span class=\"wpcf7-form-control-wrap\" data-name=\"nome-utente\"><input size=\"40\" maxlength=\"400\" class=\"wpcf7-form-control wpcf7-text wpcf7-validates-as-required\" aria-required=\"true\" aria-invalid=\"false\" value=\"\" type=\"text\" name=\"nome-utente\" \/><\/span> <\/label>\n\t<\/p>\n\t<p><label> Apellido*<br \/>\n<span class=\"wpcf7-form-control-wrap\" data-name=\"cognome-utente\"><input size=\"40\" maxlength=\"400\" class=\"wpcf7-form-control wpcf7-text wpcf7-validates-as-required\" aria-required=\"true\" aria-invalid=\"false\" value=\"\" type=\"text\" name=\"cognome-utente\" \/><\/span> <\/label>\n\t<\/p>\n\t<p><label> Correo electr\u00f3nico*<br \/>\n<span class=\"wpcf7-form-control-wrap\" data-name=\"email-utente\"><input size=\"40\" maxlength=\"400\" class=\"wpcf7-form-control wpcf7-email wpcf7-validates-as-required wpcf7-text wpcf7-validates-as-email\" aria-required=\"true\" aria-invalid=\"false\" value=\"\" type=\"email\" name=\"email-utente\" \/><\/span> <\/label>\n\t<\/p>\n\t<p><label> Tel\u00e9fono<br \/>\n<span class=\"wpcf7-form-control-wrap\" data-name=\"telefono-utente\"><input size=\"40\" maxlength=\"400\" class=\"wpcf7-form-control wpcf7-tel wpcf7-text wpcf7-validates-as-tel\" aria-invalid=\"false\" value=\"\" type=\"tel\" name=\"telefono-utente\" \/><\/span> <\/label>\n\t<\/p>\n\t<p><label> Mensaje*<br \/>\n<span class=\"wpcf7-form-control-wrap\" data-name=\"messaggio-utente\"><textarea cols=\"40\" rows=\"10\" maxlength=\"2000\" class=\"wpcf7-form-control wpcf7-textarea wpcf7-validates-as-required\" aria-required=\"true\" aria-invalid=\"false\" name=\"messaggio-utente\"><\/textarea><\/span> <\/label>\n\t<\/p>\n\t<p><label> Env\u00edenos un archivo (Max 10Mb - Tipo: pdf, png, jpg)<br \/>\n<span class=\"wpcf7-form-control-wrap\" data-name=\"allegato-utente\"><input size=\"40\" class=\"wpcf7-form-control wpcf7-file\" accept=\".png,.jpg,.jpeg,.pdf\" aria-invalid=\"false\" type=\"file\" name=\"allegato-utente\" \/><\/span> <\/label>\n\t<\/p>\n\t<p><label><span class=\"wpcf7-form-control-wrap\" data-name=\"privacy-policy\"><span class=\"wpcf7-form-control wpcf7-acceptance\"><span class=\"wpcf7-list-item\"><input type=\"checkbox\" name=\"privacy-policy\" value=\"1\" aria-invalid=\"false\" \/><\/span><\/span><\/span> He le\u00eddo y acepto el tratamiento de los datos personales como indicado en la <a href=\"http:\/\/emc-solution.com\/es\/privacy-policy\/\" target=\"_blank\" style=\"color:#fff;\"><u>Pol\u00edtica de Privacidad<\/u><\/a>.<\/label>\n\t<\/p>\n\t<p><input class=\"wpcf7-form-control wpcf7-submit has-spinner\" type=\"submit\" value=\"Envia\" \/>\n\t<\/p>\n<\/div><div class=\"wpcf7-response-output\" aria-hidden=\"true\"><\/div>\n<\/form>\n<\/div>\n<br \/>\n[\/et_pb_text][\/et_pb_column][\/et_pb_row][\/et_pb_section]<\/p>\n","protected":false},"excerpt":{"rendered":"<p>Sistemas de generaci\u00f3n de hidr\u00f3geno de alta presi\u00f3n, metano, planta de purificacion de gas y estaciones de recargasEMC SOLUTION SRL es una empresa de \u00faltima generaci\u00f3n que nace de la experiencia y del conocimiento profundo de la electr\u00f3lisis.Tiene muchos a\u00f1os de experiencia desde la ingenier\u00eda de detalle hasta el proyecto ejecutivo. Califica y certifica de [&hellip;]<\/p>\n","protected":false},"author":3,"featured_media":0,"parent":0,"menu_order":0,"comment_status":"closed","ping_status":"closed","template":"","meta":{"_et_pb_use_builder":"on","_et_pb_old_content":"","_et_gb_content_width":"","footnotes":""},"class_list":["post-707","page","type-page","status-publish","hentry"],"yoast_head":"<!-- This site is optimized with the Yoast SEO plugin v26.2 - https:\/\/yoast.com\/wordpress\/plugins\/seo\/ -->\n<title>Home - EMC<\/title>\n<meta name=\"robots\" content=\"index, follow, max-snippet:-1, max-image-preview:large, max-video-preview:-1\" \/>\n<link rel=\"canonical\" href=\"https:\/\/emc-solution.com\/\" \/>\n<meta property=\"og:locale\" content=\"es_ES\" \/>\n<meta property=\"og:type\" content=\"article\" \/>\n<meta property=\"og:title\" content=\"Home - EMC\" \/>\n<meta property=\"og:description\" content=\"Sistemas de generaci\u00f3n de hidr\u00f3geno de alta presi\u00f3n, metano, planta de purificacion de gas y estaciones de recargasEMC SOLUTION SRL es una empresa de \u00faltima generaci\u00f3n que nace de la experiencia y del conocimiento profundo de la electr\u00f3lisis.Tiene muchos a\u00f1os de experiencia desde la ingenier\u00eda de detalle hasta el proyecto ejecutivo. Califica y certifica de [&hellip;]\" \/>\n<meta property=\"og:url\" content=\"https:\/\/emc-solution.com\/\" \/>\n<meta property=\"og:site_name\" content=\"EMC\" \/>\n<meta property=\"article:modified_time\" content=\"2024-11-27T10:17:41+00:00\" \/>\n<meta property=\"og:image\" content=\"https:\/\/emc-solution.com\/wp-content\/uploads\/2017\/05\/Emc_logo_prov.png\" \/>\n\t<meta property=\"og:image:width\" content=\"890\" \/>\n\t<meta property=\"og:image:height\" content=\"490\" \/>\n\t<meta property=\"og:image:type\" content=\"image\/png\" \/>\n<meta name=\"twitter:card\" content=\"summary_large_image\" \/>\n<meta name=\"twitter:label1\" content=\"Tiempo de lectura\" \/>\n\t<meta name=\"twitter:data1\" content=\"8 minutos\" \/>\n<script type=\"application\/ld+json\" class=\"yoast-schema-graph\">{\"@context\":\"https:\/\/schema.org\",\"@graph\":[{\"@type\":\"WebPage\",\"@id\":\"https:\/\/emc-solution.com\/\",\"url\":\"https:\/\/emc-solution.com\/\",\"name\":\"Home - EMC\",\"isPartOf\":{\"@id\":\"https:\/\/emc-solution.com\/#website\"},\"datePublished\":\"2017-07-26T09:27:51+00:00\",\"dateModified\":\"2024-11-27T10:17:41+00:00\",\"breadcrumb\":{\"@id\":\"https:\/\/emc-solution.com\/#breadcrumb\"},\"inLanguage\":\"es\",\"potentialAction\":[{\"@type\":\"ReadAction\",\"target\":[\"https:\/\/emc-solution.com\/\"]}]},{\"@type\":\"BreadcrumbList\",\"@id\":\"https:\/\/emc-solution.com\/#breadcrumb\",\"itemListElement\":[{\"@type\":\"ListItem\",\"position\":1,\"name\":\"Home\",\"item\":\"https:\/\/emc-solution.com\/\"},{\"@type\":\"ListItem\",\"position\":2,\"name\":\"Home\"}]},{\"@type\":\"WebSite\",\"@id\":\"https:\/\/emc-solution.com\/#website\",\"url\":\"https:\/\/emc-solution.com\/\",\"name\":\"EMC SOLUTION\",\"description\":\"Competenza, energia, progresso\",\"publisher\":{\"@id\":\"https:\/\/emc-solution.com\/#organization\"},\"potentialAction\":[{\"@type\":\"SearchAction\",\"target\":{\"@type\":\"EntryPoint\",\"urlTemplate\":\"https:\/\/emc-solution.com\/?s={search_term_string}\"},\"query-input\":{\"@type\":\"PropertyValueSpecification\",\"valueRequired\":true,\"valueName\":\"search_term_string\"}}],\"inLanguage\":\"es\"},{\"@type\":\"Organization\",\"@id\":\"https:\/\/emc-solution.com\/#organization\",\"name\":\"EMC SOLUTION\",\"url\":\"https:\/\/emc-solution.com\/\",\"logo\":{\"@type\":\"ImageObject\",\"inLanguage\":\"es\",\"@id\":\"https:\/\/emc-solution.com\/#\/schema\/logo\/image\/\",\"url\":\"https:\/\/emc-solution.com\/wp-content\/uploads\/2017\/05\/Emc_logo_prov.png\",\"contentUrl\":\"https:\/\/emc-solution.com\/wp-content\/uploads\/2017\/05\/Emc_logo_prov.png\",\"width\":890,\"height\":490,\"caption\":\"EMC SOLUTION\"},\"image\":{\"@id\":\"https:\/\/emc-solution.com\/#\/schema\/logo\/image\/\"}}]}<\/script>\n<!-- \/ Yoast SEO plugin. -->","yoast_head_json":{"title":"Home - EMC","robots":{"index":"index","follow":"follow","max-snippet":"max-snippet:-1","max-image-preview":"max-image-preview:large","max-video-preview":"max-video-preview:-1"},"canonical":"https:\/\/emc-solution.com\/","og_locale":"es_ES","og_type":"article","og_title":"Home - EMC","og_description":"Sistemas de generaci\u00f3n de hidr\u00f3geno de alta presi\u00f3n, metano, planta de purificacion de gas y estaciones de recargasEMC SOLUTION SRL es una empresa de \u00faltima generaci\u00f3n que nace de la experiencia y del conocimiento profundo de la electr\u00f3lisis.Tiene muchos a\u00f1os de experiencia desde la ingenier\u00eda de detalle hasta el proyecto ejecutivo. Califica y certifica de [&hellip;]","og_url":"https:\/\/emc-solution.com\/","og_site_name":"EMC","article_modified_time":"2024-11-27T10:17:41+00:00","og_image":[{"width":890,"height":490,"url":"https:\/\/emc-solution.com\/wp-content\/uploads\/2017\/05\/Emc_logo_prov.png","type":"image\/png"}],"twitter_card":"summary_large_image","twitter_misc":{"Tiempo de lectura":"8 minutos"},"schema":{"@context":"https:\/\/schema.org","@graph":[{"@type":"WebPage","@id":"https:\/\/emc-solution.com\/","url":"https:\/\/emc-solution.com\/","name":"Home - EMC","isPartOf":{"@id":"https:\/\/emc-solution.com\/#website"},"datePublished":"2017-07-26T09:27:51+00:00","dateModified":"2024-11-27T10:17:41+00:00","breadcrumb":{"@id":"https:\/\/emc-solution.com\/#breadcrumb"},"inLanguage":"es","potentialAction":[{"@type":"ReadAction","target":["https:\/\/emc-solution.com\/"]}]},{"@type":"BreadcrumbList","@id":"https:\/\/emc-solution.com\/#breadcrumb","itemListElement":[{"@type":"ListItem","position":1,"name":"Home","item":"https:\/\/emc-solution.com\/"},{"@type":"ListItem","position":2,"name":"Home"}]},{"@type":"WebSite","@id":"https:\/\/emc-solution.com\/#website","url":"https:\/\/emc-solution.com\/","name":"EMC SOLUTION","description":"Competenza, energia, progresso","publisher":{"@id":"https:\/\/emc-solution.com\/#organization"},"potentialAction":[{"@type":"SearchAction","target":{"@type":"EntryPoint","urlTemplate":"https:\/\/emc-solution.com\/?s={search_term_string}"},"query-input":{"@type":"PropertyValueSpecification","valueRequired":true,"valueName":"search_term_string"}}],"inLanguage":"es"},{"@type":"Organization","@id":"https:\/\/emc-solution.com\/#organization","name":"EMC SOLUTION","url":"https:\/\/emc-solution.com\/","logo":{"@type":"ImageObject","inLanguage":"es","@id":"https:\/\/emc-solution.com\/#\/schema\/logo\/image\/","url":"https:\/\/emc-solution.com\/wp-content\/uploads\/2017\/05\/Emc_logo_prov.png","contentUrl":"https:\/\/emc-solution.com\/wp-content\/uploads\/2017\/05\/Emc_logo_prov.png","width":890,"height":490,"caption":"EMC SOLUTION"},"image":{"@id":"https:\/\/emc-solution.com\/#\/schema\/logo\/image\/"}}]}},"_links":{"self":[{"href":"https:\/\/emc-solution.com\/es\/wp-json\/wp\/v2\/pages\/707","targetHints":{"allow":["GET"]}}],"collection":[{"href":"https:\/\/emc-solution.com\/es\/wp-json\/wp\/v2\/pages"}],"about":[{"href":"https:\/\/emc-solution.com\/es\/wp-json\/wp\/v2\/types\/page"}],"author":[{"embeddable":true,"href":"https:\/\/emc-solution.com\/es\/wp-json\/wp\/v2\/users\/3"}],"replies":[{"embeddable":true,"href":"https:\/\/emc-solution.com\/es\/wp-json\/wp\/v2\/comments?post=707"}],"version-history":[{"count":1,"href":"https:\/\/emc-solution.com\/es\/wp-json\/wp\/v2\/pages\/707\/revisions"}],"predecessor-version":[{"id":8406,"href":"https:\/\/emc-solution.com\/es\/wp-json\/wp\/v2\/pages\/707\/revisions\/8406"}],"wp:attachment":[{"href":"https:\/\/emc-solution.com\/es\/wp-json\/wp\/v2\/media?parent=707"}],"curies":[{"name":"wp","href":"https:\/\/api.w.org\/{rel}","templated":true}]}}