{"id":677,"date":"2017-07-13T16:30:09","date_gmt":"2017-07-13T14:30:09","guid":{"rendered":"http:\/\/emc-solution.com\/?page_id=677\/"},"modified":"2024-11-27T11:23:24","modified_gmt":"2024-11-27T10:23:24","slug":"das-was-wir-schaffen","status":"publish","type":"page","link":"https:\/\/emc-solution.com\/de\/das-was-wir-schaffen\/","title":{"rendered":"DAS WAS WIR SCHAFFEN"},"content":{"rendered":"<p>[et_pb_section fb_built=&#8220;1&#8243; fullwidth=&#8220;on&#8220; admin_label=&#8220;Sezione&#8220; _builder_version=&#8220;4.16&#8243; background_image=&#8220;http:\/\/emc-solution.com\/wp-content\/uploads\/2017\/05\/emc-cosa-facciamo.jpg&#8220; parallax=&#8220;on&#8220; parallax_method=&#8220;off&#8220; global_colors_info=&#8220;{}&#8220;][et_pb_fullwidth_slider admin_label=&#8220;Slider a Larghezza Piena&#8220; _builder_version=&#8220;4.16&#8243; custom_padding=&#8220;|||&#8220; custom_padding_tablet=&#8220;|||&#8220; custom_padding_phone=&#8220;|||&#8220; box_shadow_style=&#8220;preset6&#8243; box_shadow_blur=&#8220;10px&#8220; box_shadow_color=&#8220;rgba(0,0,0,0.1)&#8220; remove_inner_shadow=&#8220;off&#8220; hide_content_on_mobile=&#8220;off&#8220; hide_cta_on_mobile=&#8220;off&#8220; show_inner_shadow=&#8220;on&#8220; button_letter_spacing_hover=&#8220;0&#8243; global_colors_info=&#8220;{}&#8220; button_text_size__hover_enabled=&#8220;off&#8220; button_one_text_size__hover_enabled=&#8220;off&#8220; button_two_text_size__hover_enabled=&#8220;off&#8220; button_text_color__hover_enabled=&#8220;off&#8220; button_one_text_color__hover_enabled=&#8220;off&#8220; button_two_text_color__hover_enabled=&#8220;off&#8220; button_border_width__hover_enabled=&#8220;off&#8220; button_one_border_width__hover_enabled=&#8220;off&#8220; button_two_border_width__hover_enabled=&#8220;off&#8220; button_border_color__hover_enabled=&#8220;off&#8220; button_one_border_color__hover_enabled=&#8220;off&#8220; button_two_border_color__hover_enabled=&#8220;off&#8220; button_border_radius__hover_enabled=&#8220;off&#8220; button_one_border_radius__hover_enabled=&#8220;off&#8220; button_two_border_radius__hover_enabled=&#8220;off&#8220; button_letter_spacing__hover_enabled=&#8220;on&#8220; button_letter_spacing__hover=&#8220;0&#8243; button_one_letter_spacing__hover_enabled=&#8220;off&#8220; button_two_letter_spacing__hover_enabled=&#8220;off&#8220; button_bg_color__hover_enabled=&#8220;off&#8220; button_one_bg_color__hover_enabled=&#8220;off&#8220; button_two_bg_color__hover_enabled=&#8220;off&#8220;][et_pb_slide heading=&#8220;DAS WAS WIR SCHAFFEN&#8220; use_bg_overlay=&#8220;off&#8220; use_text_overlay=&#8220;on&#8220; text_overlay_color=&#8220;rgba(0,0,0,0.8)&#8220; _builder_version=&#8220;4.16&#8243; header_font=&#8220;||||&#8220; body_font=&#8220;||||&#8220; background_color=&#8220;rgba(255,255,255,0)&#8220; button_icon_placement=&#8220;right&#8220; button_on_hover=&#8220;on&#8220; global_colors_info=&#8220;{}&#8220; sticky_transition=&#8220;on&#8220; button_text_size__hover_enabled=&#8220;off&#8220; button_one_text_size__hover_enabled=&#8220;off&#8220; button_two_text_size__hover_enabled=&#8220;off&#8220; button_text_color__hover_enabled=&#8220;off&#8220; button_one_text_color__hover_enabled=&#8220;off&#8220; button_two_text_color__hover_enabled=&#8220;off&#8220; button_border_width__hover_enabled=&#8220;off&#8220; button_one_border_width__hover_enabled=&#8220;off&#8220; button_two_border_width__hover_enabled=&#8220;off&#8220; button_border_color__hover_enabled=&#8220;off&#8220; button_one_border_color__hover_enabled=&#8220;off&#8220; button_two_border_color__hover_enabled=&#8220;off&#8220; button_border_radius__hover_enabled=&#8220;off&#8220; button_one_border_radius__hover_enabled=&#8220;off&#8220; button_two_border_radius__hover_enabled=&#8220;off&#8220; button_letter_spacing__hover_enabled=&#8220;off&#8220; button_one_letter_spacing__hover_enabled=&#8220;off&#8220; button_two_letter_spacing__hover_enabled=&#8220;off&#8220; button_bg_color__hover_enabled=&#8220;off&#8220; button_one_bg_color__hover_enabled=&#8220;off&#8220; button_two_bg_color__hover_enabled=&#8220;off&#8220;]<\/p>\n<h3>stellt uns immer in den Mittelpunkt<\/h3>\n<p>[\/et_pb_slide][\/et_pb_fullwidth_slider][\/et_pb_section][et_pb_section fb_built=&#8220;1&#8243; admin_label=&#8220;Sezione&#8220; _builder_version=&#8220;4.16&#8243; background_color=&#8220;rgba(255,255,255,0)&#8220; transparent_background=&#8220;on&#8220; global_colors_info=&#8220;{}&#8220;][et_pb_row admin_label=&#8220;Riga&#8220; _builder_version=&#8220;4.16&#8243; background_size=&#8220;initial&#8220; background_position=&#8220;top_left&#8220; background_repeat=&#8220;repeat&#8220; global_colors_info=&#8220;{}&#8220; column_structure=&#8220;1_3,1_3,1_3&#8243;][et_pb_column type=&#8220;1_3&#8243; _builder_version=&#8220;4.16&#8243; custom_padding=&#8220;|||&#8220; global_colors_info=&#8220;{}&#8220; custom_padding__hover=&#8220;|||&#8220;][et_pb_blurb title=&#8220;TECHNIK&#8220; image=&#8220;http:\/\/emc-solution.com\/wp-content\/uploads\/2017\/05\/emc-engineering-red.png&#8220; alt=&#8220;engineering&#8220; image_icon_width=&#8220;none&#8220; admin_label=&#8220;INGEGNERIA&#8220; _builder_version=&#8220;4.16&#8243; background_size=&#8220;initial&#8220; background_position=&#8220;top_left&#8220; background_repeat=&#8220;repeat&#8220; text_orientation=&#8220;center&#8220; animation=&#8220;bottom&#8220; use_border_color=&#8220;off&#8220; border_color=&#8220;#ffffff&#8220; border_style=&#8220;solid&#8220; image_max_width=&#8220;none&#8220; use_circle=&#8220;off&#8220; use_circle_border=&#8220;off&#8220; circle_border_color=&#8220;#e52428&#8243; circle_color=&#8220;#e52428&#8243; global_colors_info=&#8220;{}&#8220;]<\/p>\n<p><strong>EMC SOLUTION SRL<\/strong> ist ein junges Unternehmen mit fundiertem Fachwissen und Erfahrung im Bereich der <strong>Elektrolyse<\/strong>.<\/p>\n<p>[\/et_pb_blurb][\/et_pb_column][et_pb_column type=&#8220;1_3&#8243; _builder_version=&#8220;4.16&#8243; custom_padding=&#8220;|||&#8220; global_colors_info=&#8220;{}&#8220; custom_padding__hover=&#8220;|||&#8220;][et_pb_blurb title=&#8220;PROTOTYPING&#8220; image=&#8220;http:\/\/emc-solution.com\/wp-content\/uploads\/2017\/05\/emc-prototype-red.png&#8220; alt=&#8220;engineering&#8220; image_icon_width=&#8220;none&#8220; admin_label=&#8220;PROTOTIPAZIONE&#8220; _builder_version=&#8220;4.16&#8243; background_size=&#8220;initial&#8220; background_position=&#8220;top_left&#8220; background_repeat=&#8220;repeat&#8220; text_orientation=&#8220;center&#8220; animation=&#8220;bottom&#8220; use_border_color=&#8220;off&#8220; border_color=&#8220;#ffffff&#8220; border_style=&#8220;solid&#8220; image_max_width=&#8220;none&#8220; use_circle=&#8220;off&#8220; use_circle_border=&#8220;off&#8220; circle_border_color=&#8220;#e52428&#8243; circle_color=&#8220;#e52428&#8243; global_colors_info=&#8220;{}&#8220;]<\/p>\n<p style=\"text-align: center;\"><strong>EMC SOLUTION SRL<\/strong> ist stolz auf die mehrj\u00e4hrige Erfahrung in Planung, Entwurf und Ausf\u00fchrung.<\/p>\n<p>[\/et_pb_blurb][\/et_pb_column][et_pb_column type=&#8220;1_3&#8243; _builder_version=&#8220;4.16&#8243; custom_padding=&#8220;|||&#8220; global_colors_info=&#8220;{}&#8220; custom_padding__hover=&#8220;|||&#8220;][et_pb_blurb title=&#8220;ZERTIFIZIEWRUNG&#8220; image=&#8220;http:\/\/emc-solution.com\/wp-content\/uploads\/2017\/05\/emc-certification-red.png&#8220; alt=&#8220;engineering&#8220; image_icon_width=&#8220;none&#8220; admin_label=&#8220;CERTIFICAZIONE&#8220; _builder_version=&#8220;4.16&#8243; background_size=&#8220;initial&#8220; background_position=&#8220;top_left&#8220; background_repeat=&#8220;repeat&#8220; text_orientation=&#8220;center&#8220; animation=&#8220;bottom&#8220; use_border_color=&#8220;off&#8220; border_color=&#8220;#ffffff&#8220; border_style=&#8220;solid&#8220; image_max_width=&#8220;none&#8220; use_circle=&#8220;off&#8220; use_circle_border=&#8220;off&#8220; circle_border_color=&#8220;#e52428&#8243; circle_color=&#8220;#e52428&#8243; global_colors_info=&#8220;{}&#8220;]<\/p>\n<p style=\"text-align: center;\">Qualit\u00e4t und Sicherheitsstandards von ATEX und PED werden f\u00fcr s\u00e4mtliche Bauteile und Komponenten eingehalten.<\/p>\n<p>[\/et_pb_blurb][\/et_pb_column][\/et_pb_row][\/et_pb_section][et_pb_section fb_built=&#8220;1&#8243; admin_label=&#8220;Sezione&#8220; _builder_version=&#8220;4.16&#8243; background_color=&#8220;#e52428&#8243; background_image=&#8220;http:\/\/emc-solution.com\/wp-content\/uploads\/2017\/05\/emc-leave-a-contact-02-1.png&#8220; global_colors_info=&#8220;{}&#8220;][et_pb_row admin_label=&#8220;Riga&#8220; _builder_version=&#8220;4.16&#8243; background_size=&#8220;initial&#8220; background_position=&#8220;top_left&#8220; background_repeat=&#8220;repeat&#8220; global_colors_info=&#8220;{}&#8220;][et_pb_column type=&#8220;4_4&#8243; _builder_version=&#8220;4.16&#8243; custom_padding=&#8220;|||&#8220; global_colors_info=&#8220;{}&#8220; custom_padding__hover=&#8220;|||&#8220;][et_pb_cta button_url=&#8220;http:\/\/emc-solution.com\/de\/kontakt\/&#8220; button_text=&#8220;KONTAKTIEREN SIE UNS&#8220; admin_label=&#8220;Call-To-Action&#8220; _builder_version=&#8220;4.16&#8243; use_background_color=&#8220;off&#8220; background_size=&#8220;initial&#8220; background_position=&#8220;top_left&#8220; background_repeat=&#8220;repeat&#8220; button_letter_spacing_hover=&#8220;0&#8243; use_border_color=&#8220;off&#8220; border_color=&#8220;#ffffff&#8220; border_style=&#8220;solid&#8220; global_colors_info=&#8220;{}&#8220; button_text_size__hover_enabled=&#8220;off&#8220; button_one_text_size__hover_enabled=&#8220;off&#8220; button_two_text_size__hover_enabled=&#8220;off&#8220; button_text_color__hover_enabled=&#8220;off&#8220; button_one_text_color__hover_enabled=&#8220;off&#8220; button_two_text_color__hover_enabled=&#8220;off&#8220; button_border_width__hover_enabled=&#8220;off&#8220; button_one_border_width__hover_enabled=&#8220;off&#8220; button_two_border_width__hover_enabled=&#8220;off&#8220; button_border_color__hover_enabled=&#8220;off&#8220; button_one_border_color__hover_enabled=&#8220;off&#8220; button_two_border_color__hover_enabled=&#8220;off&#8220; button_border_radius__hover_enabled=&#8220;off&#8220; button_one_border_radius__hover_enabled=&#8220;off&#8220; button_two_border_radius__hover_enabled=&#8220;off&#8220; button_letter_spacing__hover_enabled=&#8220;on&#8220; button_letter_spacing__hover=&#8220;0&#8243; button_one_letter_spacing__hover_enabled=&#8220;off&#8220; button_two_letter_spacing__hover_enabled=&#8220;off&#8220; button_bg_color__hover_enabled=&#8220;off&#8220; button_one_bg_color__hover_enabled=&#8220;off&#8220; button_two_bg_color__hover_enabled=&#8220;off&#8220;]<\/p>\n<h1>Case History Anfrage<\/h1>\n<p>Wir zeigen Ihnen gerne unser Portfolio mit Projekten unterschiedlichster Gr\u00f6\u00dfenordnungen.<br \/>\n[\/et_pb_cta][\/et_pb_column][\/et_pb_row][\/et_pb_section]<\/p>\n","protected":false},"excerpt":{"rendered":"<p>stellt uns immer in den Mittelpunkt EMC SOLUTION SRL ist ein junges Unternehmen mit fundiertem Fachwissen und Erfahrung im Bereich der Elektrolyse.EMC SOLUTION SRL ist stolz auf die mehrj\u00e4hrige Erfahrung in Planung, Entwurf und Ausf\u00fchrung.Qualit\u00e4t und Sicherheitsstandards von ATEX und PED werden f\u00fcr s\u00e4mtliche Bauteile und Komponenten eingehalten. Case History Anfrage Wir zeigen Ihnen gerne [&hellip;]<\/p>\n","protected":false},"author":3,"featured_media":0,"parent":0,"menu_order":0,"comment_status":"closed","ping_status":"closed","template":"","meta":{"_et_pb_use_builder":"on","_et_pb_old_content":"","_et_gb_content_width":"","footnotes":""},"class_list":["post-677","page","type-page","status-publish","hentry"],"yoast_head":"<!-- This site is optimized with the Yoast SEO plugin v26.2 - https:\/\/yoast.com\/wordpress\/plugins\/seo\/ -->\n<title>DAS WAS WIR SCHAFFEN - EMC<\/title>\n<meta name=\"robots\" content=\"index, follow, max-snippet:-1, max-image-preview:large, max-video-preview:-1\" \/>\n<link rel=\"canonical\" href=\"https:\/\/emc-solution.com\/de\/das-was-wir-schaffen\/\" \/>\n<meta property=\"og:locale\" content=\"de_DE\" \/>\n<meta property=\"og:type\" content=\"article\" \/>\n<meta property=\"og:title\" content=\"DAS WAS WIR SCHAFFEN - EMC\" \/>\n<meta property=\"og:description\" content=\"stellt uns immer in den Mittelpunkt EMC SOLUTION SRL ist ein junges Unternehmen mit fundiertem Fachwissen und Erfahrung im Bereich der Elektrolyse.EMC SOLUTION SRL ist stolz auf die mehrj\u00e4hrige Erfahrung in Planung, Entwurf und Ausf\u00fchrung.Qualit\u00e4t und Sicherheitsstandards von ATEX und PED werden f\u00fcr s\u00e4mtliche Bauteile und Komponenten eingehalten. Case History Anfrage Wir zeigen Ihnen gerne [&hellip;]\" \/>\n<meta property=\"og:url\" content=\"https:\/\/emc-solution.com\/de\/das-was-wir-schaffen\/\" \/>\n<meta property=\"og:site_name\" content=\"EMC\" \/>\n<meta property=\"article:modified_time\" content=\"2024-11-27T10:23:24+00:00\" \/>\n<meta property=\"og:image\" content=\"https:\/\/emc-solution.com\/wp-content\/uploads\/2017\/05\/Emc_logo_prov.png\" \/>\n\t<meta property=\"og:image:width\" content=\"890\" \/>\n\t<meta property=\"og:image:height\" content=\"490\" \/>\n\t<meta property=\"og:image:type\" content=\"image\/png\" \/>\n<meta name=\"twitter:card\" content=\"summary_large_image\" \/>\n<meta name=\"twitter:label1\" content=\"Gesch\u00e4tzte Lesezeit\" \/>\n\t<meta name=\"twitter:data1\" content=\"5\u00a0Minuten\" \/>\n<script type=\"application\/ld+json\" class=\"yoast-schema-graph\">{\"@context\":\"https:\/\/schema.org\",\"@graph\":[{\"@type\":\"WebPage\",\"@id\":\"https:\/\/emc-solution.com\/de\/das-was-wir-schaffen\/\",\"url\":\"https:\/\/emc-solution.com\/de\/das-was-wir-schaffen\/\",\"name\":\"DAS WAS WIR SCHAFFEN - EMC\",\"isPartOf\":{\"@id\":\"https:\/\/emc-solution.com\/#website\"},\"datePublished\":\"2017-07-13T14:30:09+00:00\",\"dateModified\":\"2024-11-27T10:23:24+00:00\",\"breadcrumb\":{\"@id\":\"https:\/\/emc-solution.com\/de\/das-was-wir-schaffen\/#breadcrumb\"},\"inLanguage\":\"de\",\"potentialAction\":[{\"@type\":\"ReadAction\",\"target\":[\"https:\/\/emc-solution.com\/de\/das-was-wir-schaffen\/\"]}]},{\"@type\":\"BreadcrumbList\",\"@id\":\"https:\/\/emc-solution.com\/de\/das-was-wir-schaffen\/#breadcrumb\",\"itemListElement\":[{\"@type\":\"ListItem\",\"position\":1,\"name\":\"Home\",\"item\":\"https:\/\/emc-solution.com\/\"},{\"@type\":\"ListItem\",\"position\":2,\"name\":\"DAS WAS WIR SCHAFFEN\"}]},{\"@type\":\"WebSite\",\"@id\":\"https:\/\/emc-solution.com\/#website\",\"url\":\"https:\/\/emc-solution.com\/\",\"name\":\"EMC SOLUTION\",\"description\":\"Competenza, energia, progresso\",\"publisher\":{\"@id\":\"https:\/\/emc-solution.com\/#organization\"},\"potentialAction\":[{\"@type\":\"SearchAction\",\"target\":{\"@type\":\"EntryPoint\",\"urlTemplate\":\"https:\/\/emc-solution.com\/?s={search_term_string}\"},\"query-input\":{\"@type\":\"PropertyValueSpecification\",\"valueRequired\":true,\"valueName\":\"search_term_string\"}}],\"inLanguage\":\"de\"},{\"@type\":\"Organization\",\"@id\":\"https:\/\/emc-solution.com\/#organization\",\"name\":\"EMC SOLUTION\",\"url\":\"https:\/\/emc-solution.com\/\",\"logo\":{\"@type\":\"ImageObject\",\"inLanguage\":\"de\",\"@id\":\"https:\/\/emc-solution.com\/#\/schema\/logo\/image\/\",\"url\":\"https:\/\/emc-solution.com\/wp-content\/uploads\/2017\/05\/Emc_logo_prov.png\",\"contentUrl\":\"https:\/\/emc-solution.com\/wp-content\/uploads\/2017\/05\/Emc_logo_prov.png\",\"width\":890,\"height\":490,\"caption\":\"EMC SOLUTION\"},\"image\":{\"@id\":\"https:\/\/emc-solution.com\/#\/schema\/logo\/image\/\"}}]}<\/script>\n<!-- \/ Yoast SEO plugin. -->","yoast_head_json":{"title":"DAS WAS WIR SCHAFFEN - EMC","robots":{"index":"index","follow":"follow","max-snippet":"max-snippet:-1","max-image-preview":"max-image-preview:large","max-video-preview":"max-video-preview:-1"},"canonical":"https:\/\/emc-solution.com\/de\/das-was-wir-schaffen\/","og_locale":"de_DE","og_type":"article","og_title":"DAS WAS WIR SCHAFFEN - EMC","og_description":"stellt uns immer in den Mittelpunkt EMC SOLUTION SRL ist ein junges Unternehmen mit fundiertem Fachwissen und Erfahrung im Bereich der Elektrolyse.EMC SOLUTION SRL ist stolz auf die mehrj\u00e4hrige Erfahrung in Planung, Entwurf und Ausf\u00fchrung.Qualit\u00e4t und Sicherheitsstandards von ATEX und PED werden f\u00fcr s\u00e4mtliche Bauteile und Komponenten eingehalten. Case History Anfrage Wir zeigen Ihnen gerne [&hellip;]","og_url":"https:\/\/emc-solution.com\/de\/das-was-wir-schaffen\/","og_site_name":"EMC","article_modified_time":"2024-11-27T10:23:24+00:00","og_image":[{"width":890,"height":490,"url":"https:\/\/emc-solution.com\/wp-content\/uploads\/2017\/05\/Emc_logo_prov.png","type":"image\/png"}],"twitter_card":"summary_large_image","twitter_misc":{"Gesch\u00e4tzte Lesezeit":"5\u00a0Minuten"},"schema":{"@context":"https:\/\/schema.org","@graph":[{"@type":"WebPage","@id":"https:\/\/emc-solution.com\/de\/das-was-wir-schaffen\/","url":"https:\/\/emc-solution.com\/de\/das-was-wir-schaffen\/","name":"DAS WAS WIR SCHAFFEN - EMC","isPartOf":{"@id":"https:\/\/emc-solution.com\/#website"},"datePublished":"2017-07-13T14:30:09+00:00","dateModified":"2024-11-27T10:23:24+00:00","breadcrumb":{"@id":"https:\/\/emc-solution.com\/de\/das-was-wir-schaffen\/#breadcrumb"},"inLanguage":"de","potentialAction":[{"@type":"ReadAction","target":["https:\/\/emc-solution.com\/de\/das-was-wir-schaffen\/"]}]},{"@type":"BreadcrumbList","@id":"https:\/\/emc-solution.com\/de\/das-was-wir-schaffen\/#breadcrumb","itemListElement":[{"@type":"ListItem","position":1,"name":"Home","item":"https:\/\/emc-solution.com\/"},{"@type":"ListItem","position":2,"name":"DAS WAS WIR SCHAFFEN"}]},{"@type":"WebSite","@id":"https:\/\/emc-solution.com\/#website","url":"https:\/\/emc-solution.com\/","name":"EMC SOLUTION","description":"Competenza, energia, progresso","publisher":{"@id":"https:\/\/emc-solution.com\/#organization"},"potentialAction":[{"@type":"SearchAction","target":{"@type":"EntryPoint","urlTemplate":"https:\/\/emc-solution.com\/?s={search_term_string}"},"query-input":{"@type":"PropertyValueSpecification","valueRequired":true,"valueName":"search_term_string"}}],"inLanguage":"de"},{"@type":"Organization","@id":"https:\/\/emc-solution.com\/#organization","name":"EMC SOLUTION","url":"https:\/\/emc-solution.com\/","logo":{"@type":"ImageObject","inLanguage":"de","@id":"https:\/\/emc-solution.com\/#\/schema\/logo\/image\/","url":"https:\/\/emc-solution.com\/wp-content\/uploads\/2017\/05\/Emc_logo_prov.png","contentUrl":"https:\/\/emc-solution.com\/wp-content\/uploads\/2017\/05\/Emc_logo_prov.png","width":890,"height":490,"caption":"EMC SOLUTION"},"image":{"@id":"https:\/\/emc-solution.com\/#\/schema\/logo\/image\/"}}]}},"_links":{"self":[{"href":"https:\/\/emc-solution.com\/de\/wp-json\/wp\/v2\/pages\/677","targetHints":{"allow":["GET"]}}],"collection":[{"href":"https:\/\/emc-solution.com\/de\/wp-json\/wp\/v2\/pages"}],"about":[{"href":"https:\/\/emc-solution.com\/de\/wp-json\/wp\/v2\/types\/page"}],"author":[{"embeddable":true,"href":"https:\/\/emc-solution.com\/de\/wp-json\/wp\/v2\/users\/3"}],"replies":[{"embeddable":true,"href":"https:\/\/emc-solution.com\/de\/wp-json\/wp\/v2\/comments?post=677"}],"version-history":[{"count":1,"href":"https:\/\/emc-solution.com\/de\/wp-json\/wp\/v2\/pages\/677\/revisions"}],"predecessor-version":[{"id":8411,"href":"https:\/\/emc-solution.com\/de\/wp-json\/wp\/v2\/pages\/677\/revisions\/8411"}],"wp:attachment":[{"href":"https:\/\/emc-solution.com\/de\/wp-json\/wp\/v2\/media?parent=677"}],"curies":[{"name":"wp","href":"https:\/\/api.w.org\/{rel}","templated":true}]}}